{"id":2113,"date":"2024-04-13T03:15:41","date_gmt":"2024-04-13T03:15:41","guid":{"rendered":"https:\/\/singjayamedical.com\/a-propos\/"},"modified":"2024-09-26T21:53:59","modified_gmt":"2024-09-26T21:53:59","slug":"a-propos","status":"publish","type":"page","link":"https:\/\/singjayamedical.com\/fr\/a-propos\/","title":{"rendered":"A propos"},"content":{"rendered":"\t\t<div data-elementor-type=\"wp-page\" data-elementor-id=\"2113\" class=\"elementor elementor-2113 elementor-121\">\n\t\t\t\t<div class=\"elementor-element elementor-element-d457056 e-flex e-con-boxed e-con e-parent\" data-id=\"d457056\" data-element_type=\"container\" data-settings=\"{&quot;background_background&quot;:&quot;gradient&quot;}\">\n\t\t\t\t\t<div class=\"e-con-inner\">\n\t\t\t\t<div class=\"elementor-element elementor-element-44a186d elementor-widget elementor-widget-ube-breadcrumbs\" data-id=\"44a186d\" data-element_type=\"widget\" data-widget_type=\"ube-breadcrumbs.default\">\n\t\t\t\t<div class=\"elementor-widget-container\">\n\t\t\t\t\t<nav aria-label=\"breadcrumb\">\n\t\t<ol class=\"ube-breadcrumbs breadcrumbs list-unstyled d-inline-flex flex-wrap align-items-center m-0 \"><li class=\"breadcrumb-item \"><a href=\"https:\/\/singjayamedical.com\/fr\/\">Home<\/a><\/li><\/ol><\/nav>\t\t\t\t<\/div>\n\t\t\t\t<\/div>\n\t\t<div class=\"elementor-element elementor-element-ae9495a e-con-full e-flex e-con e-child\" data-id=\"ae9495a\" data-element_type=\"container\">\n\t\t\t\t<div class=\"elementor-element elementor-element-379ce47 elementor-widget elementor-widget-ube-heading\" data-id=\"379ce47\" data-element_type=\"widget\" data-widget_type=\"ube-heading.default\">\n\t\t\t\t<div class=\"elementor-widget-container\">\n\t\t\t\t\t<div class=\"ube-heading\">\n\t<h1 class=\"ube-heading-title\">A propos<\/h1><\/div>\t\t\t\t<\/div>\n\t\t\t\t<\/div>\n\t\t\t\t<\/div>\n\t\t\t\t\t<\/div>\n\t\t\t\t<\/div>\n\t\t<div class=\"elementor-element elementor-element-4b01197 e-flex e-con-boxed e-con e-parent\" data-id=\"4b01197\" data-element_type=\"container\">\n\t\t\t\t\t<div class=\"e-con-inner\">\n\t\t<div class=\"elementor-element elementor-element-4f4938a e-con-full e-flex e-con e-child\" data-id=\"4f4938a\" data-element_type=\"container\">\n\t\t\t\t<div class=\"elementor-element elementor-element-c316eed elementor-widget elementor-widget-ube-heading\" data-id=\"c316eed\" data-element_type=\"widget\" data-widget_type=\"ube-heading.default\">\n\t\t\t\t<div class=\"elementor-widget-container\">\n\t\t\t\t\t<div class=\"ube-heading\">\n\t<h2 class=\"ube-heading-title\">Notre mission<\/h2><div class=\"ube-heading-description\"><p><span style=\"font-weight: 400\">Fournir des soins m\u00e9dicaux de haute qualit\u00e9 aux r\u00e9sidents et visiteurs de Siem Reap, pour les maladies aigues comme chroniques, de mani\u00e8re transparente avec une approche centr\u00e9e sur le patient<\/span><\/p><\/div><\/div>\t\t\t\t<\/div>\n\t\t\t\t<\/div>\n\t\t\t\t<\/div>\n\t\t<div class=\"elementor-element elementor-element-6a0792d e-con-full e-flex e-con e-child\" data-id=\"6a0792d\" data-element_type=\"container\" data-settings=\"{&quot;background_background&quot;:&quot;classic&quot;}\">\n\t\t\t\t<\/div>\n\t\t\t\t\t<\/div>\n\t\t\t\t<\/div>\n\t\t<div class=\"elementor-element elementor-element-8d9e789 e-flex e-con-boxed e-con e-parent\" data-id=\"8d9e789\" data-element_type=\"container\" data-settings=\"{&quot;background_background&quot;:&quot;gradient&quot;}\">\n\t\t\t\t\t<div class=\"e-con-inner\">\n\t\t<div class=\"elementor-element elementor-element-a6e0d2f e-con-full e-flex e-con e-child\" data-id=\"a6e0d2f\" data-element_type=\"container\" data-settings=\"{&quot;background_background&quot;:&quot;classic&quot;}\">\n\t\t\t\t<\/div>\n\t\t<div class=\"elementor-element elementor-element-28f2df9 e-con-full e-flex e-con e-child\" data-id=\"28f2df9\" data-element_type=\"container\">\n\t\t\t\t<div class=\"elementor-element elementor-element-f17cb6a elementor-widget elementor-widget-ube-heading\" data-id=\"f17cb6a\" data-element_type=\"widget\" data-widget_type=\"ube-heading.default\">\n\t\t\t\t<div class=\"elementor-widget-container\">\n\t\t\t\t\t<div class=\"ube-heading\">\n\t<h2 class=\"ube-heading-title\">Notre vision<\/h2><div class=\"ube-heading-description\"><p><span style=\"font-weight: 400\">A travers notre travail, am\u00e9liorer la sant\u00e9 de la communaut\u00e9 de Siem Reap et au-del\u00e0.<\/span><\/p><\/div><\/div>\t\t\t\t<\/div>\n\t\t\t\t<\/div>\n\t\t\t\t<\/div>\n\t\t\t\t\t<\/div>\n\t\t\t\t<\/div>\n\t\t<div class=\"elementor-element elementor-element-d2a069f e-flex e-con-boxed e-con e-parent\" data-id=\"d2a069f\" data-element_type=\"container\" data-settings=\"{&quot;background_background&quot;:&quot;classic&quot;}\">\n\t\t\t\t\t<div class=\"e-con-inner\">\n\t\t<div class=\"elementor-element elementor-element-cde9098 e-con-full e-flex e-con e-child\" data-id=\"cde9098\" data-element_type=\"container\">\n\t\t\t\t<div class=\"elementor-element elementor-element-6c6c72f elementor-widget elementor-widget-ube-heading\" data-id=\"6c6c72f\" data-element_type=\"widget\" data-widget_type=\"ube-heading.default\">\n\t\t\t\t<div class=\"elementor-widget-container\">\n\t\t\t\t\t<div class=\"ube-heading\">\n\t<h2 class=\"ube-heading-title\">Nos valeurs<\/h2><\/div>\t\t\t\t<\/div>\n\t\t\t\t<\/div>\n\t\t\t\t<div class=\"elementor-element elementor-element-ef9663a elementor-widget elementor-widget-ube-heading\" data-id=\"ef9663a\" data-element_type=\"widget\" data-widget_type=\"ube-heading.default\">\n\t\t\t\t<div class=\"elementor-widget-container\">\n\t\t\t\t\t<div class=\"ube-heading\">\n\t<h5 class=\"ube-heading-title\">Compassion<\/h5><div class=\"ube-heading-description\"><p><span style=\"font-weight: 400\">Nous sommes empathiques avec ceux qui souffrent et nous engageons \u00e0 agir pour r\u00e9duire leur souffrance. <\/span><\/p><\/div><\/div>\t\t\t\t<\/div>\n\t\t\t\t<\/div>\n\t\t\t\t<div class=\"elementor-element elementor-element-a81d99f elementor-widget elementor-widget-ube-heading\" data-id=\"a81d99f\" data-element_type=\"widget\" data-widget_type=\"ube-heading.default\">\n\t\t\t\t<div class=\"elementor-widget-container\">\n\t\t\t\t\t<div class=\"ube-heading\">\n\t<h5 class=\"ube-heading-title\">Respect<\/h5><div class=\"ube-heading-description\"><p><span style=\"font-weight: 400\">Nous traitons tous nos patients avec dignit\u00e9 et professionnalisme. <\/span><\/p><\/div><\/div>\t\t\t\t<\/div>\n\t\t\t\t<\/div>\n\t\t\t\t<div class=\"elementor-element elementor-element-fee7a0f elementor-widget elementor-widget-ube-heading\" data-id=\"fee7a0f\" data-element_type=\"widget\" data-widget_type=\"ube-heading.default\">\n\t\t\t\t<div class=\"elementor-widget-container\">\n\t\t\t\t\t<div class=\"ube-heading\">\n\t<h5 class=\"ube-heading-title\">Tol\u00e9rance<\/h5><div class=\"ube-heading-description\"><p><span style=\"font-weight: 400\">Nous respectons les sentiments, habitudes et croyances qui peuvent \u00eatre diff\u00e9rentes des n\u00f4tres.<\/span><\/p><\/div><\/div>\t\t\t\t<\/div>\n\t\t\t\t<\/div>\n\t\t\t\t<div class=\"elementor-element elementor-element-d87b84c elementor-widget elementor-widget-ube-heading\" data-id=\"d87b84c\" data-element_type=\"widget\" data-widget_type=\"ube-heading.default\">\n\t\t\t\t<div class=\"elementor-widget-container\">\n\t\t\t\t\t<div class=\"ube-heading\">\n\t<h5 class=\"ube-heading-title\">Diversit\u00e9 et inclusion<\/h5><div class=\"ube-heading-description\"><p><span style=\"font-weight: 400\">Nous accueillons les patients et professionnels de tout contexte.<\/span><\/p><\/div><\/div>\t\t\t\t<\/div>\n\t\t\t\t<\/div>\n\t\t\t\t<div class=\"elementor-element elementor-element-8708e89 elementor-widget elementor-widget-ube-heading\" data-id=\"8708e89\" data-element_type=\"widget\" data-widget_type=\"ube-heading.default\">\n\t\t\t\t<div class=\"elementor-widget-container\">\n\t\t\t\t\t<div class=\"ube-heading\">\n\t<h5 class=\"ube-heading-title\">Int\u00e9grit\u00e9<\/h5><div class=\"ube-heading-description\"><p><span style=\"font-weight: 400\">Nous agissons de mani\u00e8re responsable et professionnelle. <\/span><\/p><\/div><\/div>\t\t\t\t<\/div>\n\t\t\t\t<\/div>\n\t\t\t\t<div class=\"elementor-element elementor-element-abae76b elementor-widget elementor-widget-ube-heading\" data-id=\"abae76b\" data-element_type=\"widget\" data-widget_type=\"ube-heading.default\">\n\t\t\t\t<div class=\"elementor-widget-container\">\n\t\t\t\t\t<div class=\"ube-heading\">\n\t<h5 class=\"ube-heading-title\">Transparence<\/h5><div class=\"ube-heading-description\"><p><span style=\"font-weight: 400\">Nous travaillons de mani\u00e8re transparente pour nos patients et coll\u00e8gues. <\/span><\/p><\/div><\/div>\t\t\t\t<\/div>\n\t\t\t\t<\/div>\n\t\t\t\t<\/div>\n\t\t<div class=\"elementor-element elementor-element-ddd289a e-con-full e-flex e-con e-child\" data-id=\"ddd289a\" data-element_type=\"container\" data-settings=\"{&quot;background_background&quot;:&quot;classic&quot;}\">\n\t\t\t\t<\/div>\n\t\t\t\t\t<\/div>\n\t\t\t\t<\/div>\n\t\t\t\t<\/div>\n\t\t","protected":false},"excerpt":{"rendered":"<p>Home A propos Notre mission Fournir des soins m\u00e9dicaux de haute qualit\u00e9 aux r\u00e9sidents et visiteurs de Siem Reap, pour les maladies aigues comme chroniques, de mani\u00e8re transparente avec une approche centr\u00e9e sur le patient Notre vision A travers notre travail, am\u00e9liorer la sant\u00e9 de la communaut\u00e9 de Siem Reap et au-del\u00e0. Nos valeurs Compassion [&hellip;]<\/p>\n","protected":false},"author":3,"featured_media":3181,"parent":0,"menu_order":0,"comment_status":"closed","ping_status":"closed","template":"","meta":{"_acf_changed":false,"footnotes":""},"class_list":["post-2113","page","type-page","status-publish","has-post-thumbnail","hentry"],"acf":[],"aioseo_notices":[],"_links":{"self":[{"href":"https:\/\/singjayamedical.com\/fr\/wp-json\/wp\/v2\/pages\/2113","targetHints":{"allow":["GET"]}}],"collection":[{"href":"https:\/\/singjayamedical.com\/fr\/wp-json\/wp\/v2\/pages"}],"about":[{"href":"https:\/\/singjayamedical.com\/fr\/wp-json\/wp\/v2\/types\/page"}],"author":[{"embeddable":true,"href":"https:\/\/singjayamedical.com\/fr\/wp-json\/wp\/v2\/users\/3"}],"replies":[{"embeddable":true,"href":"https:\/\/singjayamedical.com\/fr\/wp-json\/wp\/v2\/comments?post=2113"}],"version-history":[{"count":23,"href":"https:\/\/singjayamedical.com\/fr\/wp-json\/wp\/v2\/pages\/2113\/revisions"}],"predecessor-version":[{"id":3352,"href":"https:\/\/singjayamedical.com\/fr\/wp-json\/wp\/v2\/pages\/2113\/revisions\/3352"}],"wp:featuredmedia":[{"embeddable":true,"href":"https:\/\/singjayamedical.com\/fr\/wp-json\/wp\/v2\/media\/3181"}],"wp:attachment":[{"href":"https:\/\/singjayamedical.com\/fr\/wp-json\/wp\/v2\/media?parent=2113"}],"curies":[{"name":"wp","href":"https:\/\/api.w.org\/{rel}","templated":true}]}}