{"id":2117,"date":"2024-04-13T03:16:05","date_gmt":"2024-04-13T03:16:05","guid":{"rendered":"https:\/\/singjayamedical.com\/notre-equipe\/"},"modified":"2026-01-23T09:21:25","modified_gmt":"2026-01-23T09:21:25","slug":"notre-equipe","status":"publish","type":"page","link":"https:\/\/singjayamedical.com\/fr\/notre-equipe\/","title":{"rendered":"Notre \u00e9quipe"},"content":{"rendered":"\t\t<div data-elementor-type=\"wp-page\" data-elementor-id=\"2117\" class=\"elementor elementor-2117 elementor-125\">\n\t\t\t\t<div class=\"elementor-element elementor-element-fda5a97 e-flex e-con-boxed e-con e-parent\" data-id=\"fda5a97\" data-element_type=\"container\" data-settings=\"{&quot;background_background&quot;:&quot;gradient&quot;}\">\n\t\t\t\t\t<div class=\"e-con-inner\">\n\t\t\t\t<div class=\"elementor-element elementor-element-e8258e4 elementor-widget elementor-widget-ube-breadcrumbs\" data-id=\"e8258e4\" data-element_type=\"widget\" data-widget_type=\"ube-breadcrumbs.default\">\n\t\t\t\t<div class=\"elementor-widget-container\">\n\t\t\t\t\t<nav aria-label=\"breadcrumb\">\n\t\t<ol class=\"ube-breadcrumbs breadcrumbs list-unstyled d-inline-flex flex-wrap align-items-center m-0 \"><li class=\"breadcrumb-item \"><a href=\"https:\/\/singjayamedical.com\/fr\/\">Home<\/a><\/li><\/ol><\/nav>\t\t\t\t<\/div>\n\t\t\t\t<\/div>\n\t\t<div class=\"elementor-element elementor-element-0655f1d e-con-full e-flex e-con e-child\" data-id=\"0655f1d\" data-element_type=\"container\">\n\t\t\t\t<div class=\"elementor-element elementor-element-40b0dea elementor-align-left elementor-tablet-align-left elementor-widget elementor-widget-ube-heading\" data-id=\"40b0dea\" data-element_type=\"widget\" data-widget_type=\"ube-heading.default\">\n\t\t\t\t<div class=\"elementor-widget-container\">\n\t\t\t\t\t<div class=\"ube-heading\">\n\t<h1 class=\"ube-heading-title\">Notre \u00e9quipe<\/h1><\/div>\t\t\t\t<\/div>\n\t\t\t\t<\/div>\n\t\t\t\t<\/div>\n\t\t\t\t\t<\/div>\n\t\t\t\t<\/div>\n\t\t<div class=\"elementor-element elementor-element-c6a1d47 e-flex e-con-boxed e-con e-parent\" data-id=\"c6a1d47\" data-element_type=\"container\">\n\t\t\t\t\t<div class=\"e-con-inner\">\n\t\t\t\t<div class=\"elementor-element elementor-element-ad3a096 elementor-widget elementor-widget-singjaya-team-repeater\" data-id=\"ad3a096\" data-element_type=\"widget\" data-widget_type=\"singjaya-team-repeater.default\">\n\t\t\t\t<div class=\"elementor-widget-container\">\n\t\t\t\t\t    <div class=\"widget-repeater\">\n        <div class=\"d-flex layout-1 flex-nowrap flex-column flex-md-row\">\n            <div class=\"image\">\n                <img decoding=\"async\" src=\"https:\/\/singjayamedical.com\/wp-content\/uploads\/2024\/04\/elian_youn_co_founder.png\" alt=\"Elain Younn\"\/>\n            <\/div>\n            <div class=\"d-flex gap-16 flex-column w-100\">\n                <div class=\"info\">\n                    <h3 class=\"name\">Elain Younn<\/h3>\n                    <div class=\"position\">Co-fondatrice<\/div>\n                <\/div>\n                <div class=\"description\">\n                    <p class=\"p1\">Elain Younn est une entrepreneure, mais par-dessus tout une philanthrope qui aime suivre son coeur. Lors de son retour au Cambodge il y a 20 ans, elle a fond\u00e9 une \u00e9cole o\u00f9 les enfants peuvent recevoir une \u00e9ducation de qualit\u00e9 dans un milieu bienveillant. Dans ce pays o\u00f9 il y a des ann\u00e9es toute forme d'art a \u00e9t\u00e9 \u00e9limin\u00e9e, elle a \u00e9galement fond\u00e9 \"CambodiaSings\", une ONG qui donne la possibilit\u00e9 \u00e0 des milliers d'enfants cambodgiens de chanter. Elain a fond\u00e9 \"Souladvisor\", une plateforme innovante de wellness qui rassemble des th\u00e9rapeutes \u00e0 Angkor Grace Wellness Resort, Siem Reap, o\u00f9 ces diff\u00e9rentes th\u00e9rapies sont accessibles lors d'un luxueux s\u00e9jour dans d'\u00e9l\u00e9gants logements. Elle a \u00e9galement cr\u00e9\u00e9 \"BraveHearts Program\" et \"Souladvisor Foundation\". Elle est l'auteure du livre \"The Wisdom of The Divines\". Comme pour ses autres projets, Elain Younn a identifi\u00e9 des lacunes autour d'elle, en l'occurence dans l'acc\u00e8s aux soins m\u00e9dicaux de qualit\u00e9 \u00e0 Siem Reap, et elle a alors rassembl\u00e9 des m\u00e9decins cambodgiens motiv\u00e9s ainsi que des sp\u00e9cialistes europ\u00e9ens et singapouriens inspir\u00e9s. Singjaya est le r\u00e9sultat de ce travail.<\/p>                <\/div>\n                <div>\n                                            <a href=\"https:\/\/www.linkedin.com\/in\/elain-younn\/\" class=\"link-social mr-3\" target=\"_blank\">\n                            <img decoding=\"async\" src=\"https:\/\/singjayamedical.com\/wp-content\/plugins\/singjaya-center-plugin\/includes\/..\/public\/icons\/linkedin.svg?version=1.0.0\" \/>\n                            <span>Linkedin<\/span>\n                        <\/a>\n                                                                <a href=\"https:\/\/elainyounn.com\/\" class=\"link-social\" target=\"_blank\">\n                            <img decoding=\"async\" src=\"https:\/\/singjayamedical.com\/wp-content\/plugins\/singjaya-center-plugin\/includes\/..\/public\/icons\/globe.svg?version=1.0.0\" \/>\n                            <span>Website<\/span>\n                        <\/a>\n                                    <\/div>\n            <\/div>\n        <\/div>\n    <\/div>\n    <div class=\"widget-repeater\">\n        <div class=\"d-flex layout-1 flex-nowrap flex-column flex-md-row\">\n            <div class=\"image\">\n                <img decoding=\"async\" src=\"https:\/\/singjayamedical.com\/wp-content\/uploads\/2024\/06\/dr_nary.jpg\" alt=\"Dr Chansovannary Sat, MD\"\/>\n            <\/div>\n            <div class=\"d-flex gap-16 flex-column w-100\">\n                <div class=\"info\">\n                    <h3 class=\"name\">Dr Chansovannary Sat, MD<\/h3>\n                    <div class=\"position\">M\u00e9decin<\/div>\n                <\/div>\n                <div class=\"description\">\n                    <p><span style=\"font-weight: 400;\">Dr Chansovannary Sat a obtenu son dipl\u00f4me de m\u00e9decine \u00e0 l\u2019Universit\u00e9 de Phnom Penh en 2012. Depuis, elle s\u2019est form\u00e9e dans diverses sp\u00e9cialit\u00e9s telles que la gyn\u00e9cologie au \u00abSen Sok Hospital\u00bb, la p\u00e9diatrie au \u00abNational Pediatric Hospital\u00bb et la m\u00e9decine interne au \u00abPreah Kossamak Hospital\u00bb \u00e0 Phnom Penh.\u00a0<\/span><\/p><p><span style=\"font-weight: 400;\">Suite \u00e0 l\u2019acquisition de solides comp\u00e9tences cliniques, Dr Chansovannary Sat s\u2019est form\u00e9e en radiologie et est devenue experte en ultrasonographie au \u00abHope Worldwide Medical Center\u00bb.\u00a0<\/span><\/p><p><span style=\"font-weight: 400;\">Afin d\u2019\u00e9largir son exp\u00e9rience professionnelle au-del\u00e0 de la pratique clinique locale, elle a \u00e9galement travaill\u00e9 comme repr\u00e9sentante m\u00e9dicale pour le laboratoire international Servier.\u00a0<\/span><\/p><p><span style=\"font-weight: 400;\">La passion du Dr Chansovannary Sat pour la m\u00e9decine clinique et son exp\u00e9rience internationale l\u2019a men\u00e9e \u00e0 rejoindre notre \u00e9quipe \u00e0 Singjaya Medical Center. <\/span><\/p>                <\/div>\n                <div>\n                                                        <\/div>\n            <\/div>\n        <\/div>\n    <\/div>\n    <div class=\"widget-repeater\">\n        <div class=\"d-flex layout-1 flex-nowrap flex-column flex-md-row\">\n            <div class=\"image\">\n                <img decoding=\"async\" src=\"https:\/\/singjayamedical.com\/wp-content\/uploads\/2026\/01\/Dr.-Ratha-Ou.jpeg\" alt=\"Dr Ratha Ou, MD, GHHM\"\/>\n            <\/div>\n            <div class=\"d-flex gap-16 flex-column w-100\">\n                <div class=\"info\">\n                    <h3 class=\"name\">Dr Ratha Ou, MD, GHHM<\/h3>\n                    <div class=\"position\">M\u00e9decin<\/div>\n                <\/div>\n                <div class=\"description\">\n                    <p class=\"p1\">Le Dr Ratha Ou est un m\u00e9decin cambodgien avec plus de sept ans d'exp\u00e9rience en m\u00e9decine g\u00e9n\u00e9rale et en soins d'urgence. Dipl\u00f4m\u00e9 de l'Universit\u00e9 Internationale (IU) en 2018, il suit actuellement le programme Global Health, Humanitarian, and Medicine (GHHM) avec M\u00e9decins Sans Fronti\u00e8res (MSF) Asie du Sud et Royaume-Uni.<\/p><p class=\"p1\">Le Dr Ratha a exerc\u00e9 aussi bien en milieu urbain qu'en province, notamment durant quatre ans au sein d'une polyclinique et maternit\u00e9 priv\u00e9e \u00e0 Phnom Penh, et plus de trois ans avec Marie Stopes International Cambodia (MSIC) dans la province de Kandal. Il est profond\u00e9ment engag\u00e9 \u00e0 fournir des soins compatissants, centr\u00e9s sur le patient, et \u00e0 faire progresser les services de sant\u00e9 au sein de sa communaut\u00e9.<\/p>                <\/div>\n                <div>\n                                                        <\/div>\n            <\/div>\n        <\/div>\n    <\/div>\n    <div class=\"widget-repeater\">\n        <div class=\"d-flex layout-1 flex-nowrap flex-column flex-md-row\">\n            <div class=\"image\">\n                <img decoding=\"async\" src=\"https:\/\/singjayamedical.com\/wp-content\/uploads\/2025\/06\/David-Kouy.jpeg\" alt=\"Dr David Kouy, MD \"\/>\n            <\/div>\n            <div class=\"d-flex gap-16 flex-column w-100\">\n                <div class=\"info\">\n                    <h3 class=\"name\">Dr David Kouy, MD <\/h3>\n                    <div class=\"position\">M\u00e9decin<\/div>\n                <\/div>\n                <div class=\"description\">\n                    <p class=\"p1\">Dr David Kouy a \u00e9tudi\u00e9 \u00e0 l'Universit\u00e9 de Phnom Penh et obtenu son dipl\u00f4me de m\u00e9decin en 2021. Il a par la suite aquis de l'exp\u00e9rience dans le domaine m\u00e9dical dans diff\u00e9rents secteurs allant de cliniques priv\u00e9es, aux h\u00f4pitaux publics et aux ONGs \u00e0 Phnom Penh et Siem Reap. Dr David Kouy est un m\u00e9decin passionn\u00e9 qui d\u00e9die son temps et ses comp\u00e9tences m\u00e9dicales \u00e0 aider les populations vuln\u00e9rables au Cambodge, avec un travail \u00e0 temps partiel en tant que m\u00e9decin g\u00e9n\u00e9raliste \u00e0 ''The Lake Clinic'', une ONG de renomm\u00e9e internationale qui fournit des soins de sant\u00e9 aux villages flottants du lac Tonle Sap. Son ouverture d'esprit l'a men\u00e9 \u00e0 rejoindre l'\u00e9quipe de Singjaya Medical Center afin d'\u00e9largir son exp\u00e9rience m\u00e9dicale.<\/p>                <\/div>\n                <div>\n                                                        <\/div>\n            <\/div>\n        <\/div>\n    <\/div>\n    <div class=\"widget-repeater\">\n        <div class=\"d-flex layout-1 flex-nowrap flex-column flex-md-row\">\n            <div class=\"image\">\n                <img decoding=\"async\" src=\"https:\/\/singjayamedical.com\/wp-content\/uploads\/2025\/06\/Dr.-Ratanakromanea-Ngin.jpg\" alt=\"Dr Ratanakromanea Ngin, MD\"\/>\n            <\/div>\n            <div class=\"d-flex gap-16 flex-column w-100\">\n                <div class=\"info\">\n                    <h3 class=\"name\">Dr Ratanakromanea Ngin, MD<\/h3>\n                    <div class=\"position\">Psychiatre<\/div>\n                <\/div>\n                <div class=\"description\">\n                    <p>Le Dr Ratanakromanea Ngin est un psychiatre cambodgien sp\u00e9cialis\u00e9 en sant\u00e9 mentale de l'enfant, de l'adolescent et de l'adulte. Il s'int\u00e9resse particuli\u00e8rement \u00e0 la psychiatrie transculturelle, explorant l'influence des contextes culturels sur la sant\u00e9 mentale et les approches th\u00e9rapeutiques.<\/p><p>Il a obtenu son dipl\u00f4me de m\u00e9decine \u00e0 l'Universit\u00e9 des Sciences de la Sant\u00e9 de Phnom Penh, puis a suivi une formation psychiatrique sp\u00e9cialis\u00e9e dans le programme DFMS de l'Universit\u00e9 de Tours, en France, en 2022. Durant sa formation en France, il a acquis une vaste exp\u00e9rience en psychiatrie d'urgence et dans la prise en charge des troubles mentaux graves. Il a \u00e9galement suivi une formation compl\u00e9mentaire en psychiatrie des addictions aux Pays-Bas et en Afrique du Sud.<\/p><p>Le Dr Ngin a poursuivi ses \u00e9tudes sur les violences sexuelles et les psychotraumatismes, ainsi que sur l'histoire de la psychiatrie, dans le cadre de programmes propos\u00e9s par l'Universit\u00e9 de Tours et l'Universit\u00e9 Paris-Sud.<br \/>Au-del\u00e0 de son activit\u00e9 clinique, il se consacre \u00e0 l'avancement de la sant\u00e9 mentale communautaire et de la psycho\u00e9ducation au Cambodge. Il est le fondateur d'AROM Station, une entreprise sociale qui promeut l'\u00e9ducation en sant\u00e9 mentale et l'acc\u00e8s aux soins.<br \/>Il propose des consultations en khmer, anglais et fran\u00e7ais.<\/p>                <\/div>\n                <div>\n                                                        <\/div>\n            <\/div>\n        <\/div>\n    <\/div>\n    <div class=\"widget-repeater\">\n        <div class=\"d-flex layout-1 flex-nowrap flex-column flex-md-row\">\n            <div class=\"image\">\n                <img decoding=\"async\" src=\"https:\/\/singjayamedical.com\/wp-content\/uploads\/2025\/11\/photo_2025-11-10-13.08.30.jpeg\" alt=\"Partenaire: Dr Andrew Mark Choong, MBBS (UK), PhD (UK), FRCS (Gen Surg), FEBVS (Hons)\"\/>\n            <\/div>\n            <div class=\"d-flex gap-16 flex-column w-100\">\n                <div class=\"info\">\n                    <h3 class=\"name\">Partenaire: Dr Andrew Mark Choong, MBBS (UK), PhD (UK), FRCS (Gen Surg), FEBVS (Hons)<\/h3>\n                    <div class=\"position\">Chirurgien g\u00e9n\u00e9ral, vasculaire, endovasculaire<\/div>\n                <\/div>\n                <div class=\"description\">\n                    <p class=\"p1\">Dr Andrew Choong a effectu\u00e9 sa formation de chirurgie g\u00e9n\u00e9rale, vasculaire et endovasculaire au Royaume-Uni et en Australie. Il est actuellement bas\u00e9 \u00e0 Singapour. Il est le fondateur de Andrew Choong Vascular Surgery, et fournit des soins sp\u00e9cialis\u00e9s en cas d'an\u00e9vrismes, maladies art\u00e9rielles, varices et acc\u00e8s veineux pour dialyse.<\/p><p class=\"p1\">Dr Choong a pr\u00e9c\u00e9demment exerc\u00e9 comme consultant en chirurgie vasculaire, endovasculaire et aortique au National University Heart Centre de Singapour, ainsi qu'en tant que Professeur associ\u00e9 en chirurgie \u00e0 l'Universit\u00e9 nationale de Singapour.<\/p><p class=\"p1\">M\u00e9daill\u00e9 d'or du Conseil europ\u00e9en de chirurgie vasculaire, il est titulaire d'un PhD de l'universit\u00e9 de Warwick et d'un MBBS de l'Imperial College de Londres. Il a publi\u00e9 de nombreux articles dans des revues scientifiques et reste actif dans la recherche, l'enseignement et l'innovation en mati\u00e8re de chirurgie vasculaire mini-invasive.<\/p><p class=\"p1\">Il consulte en anglais.<\/p>                <\/div>\n                <div>\n                                            <a href=\"https:\/\/www.linkedin.com\/in\/andrewchoong\/\" class=\"link-social mr-3\" target=\"_blank\">\n                            <img decoding=\"async\" src=\"https:\/\/singjayamedical.com\/wp-content\/plugins\/singjaya-center-plugin\/includes\/..\/public\/icons\/linkedin.svg?version=1.0.0\" \/>\n                            <span>Linkedin<\/span>\n                        <\/a>\n                                                                <a href=\"https:\/\/www.drandrewchoong.com\/\" class=\"link-social\" target=\"_blank\">\n                            <img decoding=\"async\" src=\"https:\/\/singjayamedical.com\/wp-content\/plugins\/singjaya-center-plugin\/includes\/..\/public\/icons\/globe.svg?version=1.0.0\" \/>\n                            <span>Website<\/span>\n                        <\/a>\n                                    <\/div>\n            <\/div>\n        <\/div>\n    <\/div>\n    <div class=\"widget-repeater\">\n        <div class=\"d-flex layout-1 flex-nowrap flex-column flex-md-row\">\n            <div class=\"image\">\n                <img decoding=\"async\" src=\"https:\/\/singjayamedical.com\/wp-content\/uploads\/2025\/06\/Dr-Sodary.jpeg\" alt=\"Sodary Khlouk, RN\"\/>\n            <\/div>\n            <div class=\"d-flex gap-16 flex-column w-100\">\n                <div class=\"info\">\n                    <h3 class=\"name\">Sodary Khlouk, RN<\/h3>\n                    <div class=\"position\">Infirmi\u00e8re<\/div>\n                <\/div>\n                <div class=\"description\">\n                    <p class=\"p1\">Mlle Sodary Khlouk a obtenu son dipl\u00f4me d'infirmi\u00e8re en 2017 \u00e0 l'Universit\u00e9 de Phnom Penh ainsi qu'un Bachelor en soins infirmiers en 2023 avec mention. Elle est famili\u00e8re avec les standards europ\u00e9ens, singapouriens et japonais de par ses exp\u00e9riences professionnelles au \"Singapore Hospital\", \"Sunrise Japan Hospital\" et \"Intercare Hospital\" \u00e0 Phnom Penh o\u00f9 elle exer\u00e7ait comme infirmi\u00e8re cheffe. Mlle Sodary Khlouk fait des soins aux patients sa priorit\u00e9.<\/p>                <\/div>\n                <div>\n                                                        <\/div>\n            <\/div>\n        <\/div>\n    <\/div>\n\t\t\t\t<\/div>\n\t\t\t\t<\/div>\n\t\t\t\t\t<\/div>\n\t\t\t\t<\/div>\n\t\t\t\t<\/div>\n\t\t","protected":false},"excerpt":{"rendered":"<p>Home Notre \u00e9quipe Elain Younn Co-fondatrice Elain Younn est une entrepreneure, mais par-dessus tout une philanthrope qui aime suivre son coeur. Lors de son retour au Cambodge il y a 20 ans, elle a fond\u00e9 une \u00e9cole o\u00f9 les enfants peuvent recevoir une \u00e9ducation de qualit\u00e9 dans un milieu bienveillant. Dans ce pays o\u00f9 il [&hellip;]<\/p>\n","protected":false},"author":3,"featured_media":3250,"parent":0,"menu_order":0,"comment_status":"closed","ping_status":"closed","template":"","meta":{"_acf_changed":false,"footnotes":""},"class_list":["post-2117","page","type-page","status-publish","has-post-thumbnail","hentry"],"acf":[],"aioseo_notices":[],"_links":{"self":[{"href":"https:\/\/singjayamedical.com\/fr\/wp-json\/wp\/v2\/pages\/2117","targetHints":{"allow":["GET"]}}],"collection":[{"href":"https:\/\/singjayamedical.com\/fr\/wp-json\/wp\/v2\/pages"}],"about":[{"href":"https:\/\/singjayamedical.com\/fr\/wp-json\/wp\/v2\/types\/page"}],"author":[{"embeddable":true,"href":"https:\/\/singjayamedical.com\/fr\/wp-json\/wp\/v2\/users\/3"}],"replies":[{"embeddable":true,"href":"https:\/\/singjayamedical.com\/fr\/wp-json\/wp\/v2\/comments?post=2117"}],"version-history":[{"count":95,"href":"https:\/\/singjayamedical.com\/fr\/wp-json\/wp\/v2\/pages\/2117\/revisions"}],"predecessor-version":[{"id":5200,"href":"https:\/\/singjayamedical.com\/fr\/wp-json\/wp\/v2\/pages\/2117\/revisions\/5200"}],"wp:featuredmedia":[{"embeddable":true,"href":"https:\/\/singjayamedical.com\/fr\/wp-json\/wp\/v2\/media\/3250"}],"wp:attachment":[{"href":"https:\/\/singjayamedical.com\/fr\/wp-json\/wp\/v2\/media?parent=2117"}],"curies":[{"name":"wp","href":"https:\/\/api.w.org\/{rel}","templated":true}]}}