{"id":2126,"date":"2024-04-14T03:12:47","date_gmt":"2024-04-14T03:12:47","guid":{"rendered":"https:\/\/singjayamedical.com\/nos-services\/"},"modified":"2025-06-09T09:28:06","modified_gmt":"2025-06-09T09:28:06","slug":"nos-services","status":"publish","type":"page","link":"https:\/\/singjayamedical.com\/fr\/nos-services\/","title":{"rendered":"Services"},"content":{"rendered":"\t\t<div data-elementor-type=\"wp-page\" data-elementor-id=\"2126\" class=\"elementor elementor-2126 elementor-516\">\n\t\t\t\t<div class=\"elementor-element elementor-element-d457056 e-flex e-con-boxed e-con e-parent\" data-id=\"d457056\" data-element_type=\"container\" data-settings=\"{&quot;background_background&quot;:&quot;gradient&quot;}\">\n\t\t\t\t\t<div class=\"e-con-inner\">\n\t\t\t\t<div class=\"elementor-element elementor-element-44a186d elementor-widget elementor-widget-ube-breadcrumbs\" data-id=\"44a186d\" data-element_type=\"widget\" data-widget_type=\"ube-breadcrumbs.default\">\n\t\t\t\t<div class=\"elementor-widget-container\">\n\t\t\t\t\t<nav aria-label=\"breadcrumb\">\n\t\t<ol class=\"ube-breadcrumbs breadcrumbs list-unstyled d-inline-flex flex-wrap align-items-center m-0 \"><li class=\"breadcrumb-item \"><a href=\"https:\/\/singjayamedical.com\/fr\/\">Home<\/a><\/li><\/ol><\/nav>\t\t\t\t<\/div>\n\t\t\t\t<\/div>\n\t\t<div class=\"elementor-element elementor-element-0519a36 e-con-full e-flex e-con e-child\" data-id=\"0519a36\" data-element_type=\"container\">\n\t\t\t\t<div class=\"elementor-element elementor-element-379ce47 elementor-align-left elementor-widget elementor-widget-ube-heading\" data-id=\"379ce47\" data-element_type=\"widget\" data-widget_type=\"ube-heading.default\">\n\t\t\t\t<div class=\"elementor-widget-container\">\n\t\t\t\t\t<div class=\"ube-heading\">\n\t<h1 class=\"ube-heading-title\">Services<\/h1><\/div>\t\t\t\t<\/div>\n\t\t\t\t<\/div>\n\t\t\t\t<\/div>\n\t\t\t\t\t<\/div>\n\t\t\t\t<\/div>\n\t\t<div class=\"elementor-element elementor-element-4b01197 e-flex e-con-boxed e-con e-parent\" data-id=\"4b01197\" data-element_type=\"container\">\n\t\t\t\t\t<div class=\"e-con-inner\">\n\t\t<div class=\"elementor-element elementor-element-4f4938a e-con-full e-flex e-con e-child\" data-id=\"4f4938a\" data-element_type=\"container\">\n\t\t\t\t<div class=\"elementor-element elementor-element-c316eed elementor-widget elementor-widget-ube-heading\" data-id=\"c316eed\" data-element_type=\"widget\" data-widget_type=\"ube-heading.default\">\n\t\t\t\t<div class=\"elementor-widget-container\">\n\t\t\t\t\t<div class=\"ube-heading\">\n\t<h2 class=\"ube-heading-title\">Types de consultations \n<\/h2><div class=\"ube-heading-description\"><p><span style=\"font-weight: 400\">Nous offrons des consultations en pr\u00e9sentiel \u00e0 la clinique ainsi que des t\u00e9l\u00e9consultations par Whatsapp ou Telegram. Nos m\u00e9decins peuvent \u00e9galement se rendre \u00e0 votre domicile ou h\u00f4tel. <\/span><\/p><\/div><\/div>\t\t\t\t<\/div>\n\t\t\t\t<\/div>\n\t\t\t\t<div class=\"elementor-element elementor-element-0861597 elementor-widget elementor-widget-ube-button\" data-id=\"0861597\" data-element_type=\"widget\" data-widget_type=\"ube-button.default\">\n\t\t\t\t<div class=\"elementor-widget-container\">\n\t\t\t\t\t<a class=\"ube-btn btn btn-md btn-rounded btn-outline btn-outline-accent btn-accent\" href=\"https:\/\/singjayamedical.com\/fr\/nos-services\/types-de-consultation\/\">\n\t    <span class=\"ube-btn-text\">Voir les types de consultations <\/span>\n\t<\/a>\n\n\n\t\t\t\t<\/div>\n\t\t\t\t<\/div>\n\t\t\t\t<\/div>\n\t\t<div class=\"elementor-element elementor-element-6a0792d e-con-full e-flex e-con e-child\" data-id=\"6a0792d\" data-element_type=\"container\" data-settings=\"{&quot;background_background&quot;:&quot;classic&quot;}\">\n\t\t\t\t<\/div>\n\t\t\t\t\t<\/div>\n\t\t\t\t<\/div>\n\t\t<div class=\"elementor-element elementor-element-8d9e789 e-flex e-con-boxed e-con e-parent\" data-id=\"8d9e789\" data-element_type=\"container\" data-settings=\"{&quot;background_background&quot;:&quot;classic&quot;}\">\n\t\t\t\t\t<div class=\"e-con-inner\">\n\t\t<div class=\"elementor-element elementor-element-a6e0d2f e-con-full e-flex e-con e-child\" data-id=\"a6e0d2f\" data-element_type=\"container\" data-settings=\"{&quot;background_background&quot;:&quot;classic&quot;}\">\n\t\t\t\t<\/div>\n\t\t<div class=\"elementor-element elementor-element-28f2df9 e-con-full e-flex e-con e-child\" data-id=\"28f2df9\" data-element_type=\"container\">\n\t\t\t\t<div class=\"elementor-element elementor-element-f17cb6a elementor-widget elementor-widget-ube-heading\" data-id=\"f17cb6a\" data-element_type=\"widget\" data-widget_type=\"ube-heading.default\">\n\t\t\t\t<div class=\"elementor-widget-container\">\n\t\t\t\t\t<div class=\"ube-heading\">\n\t<h2 class=\"ube-heading-title\">Nos services cliniques <\/h2><div class=\"ube-heading-description\"><p><span style=\"font-weight: 400\">En plus des services de diagnostic et traitement de maladies, nous offrons \u00e9galement des forfaits pour des bilans de sant\u00e9, des d\u00e9pistages cibl\u00e9s (papillomavirus et autres infections sexuellement transmissibles, cancers), des consultations de m\u00e9decine pr\u00e9ventive ainsi que de m\u00e9decine des voyages.<\/span><\/p><\/div><\/div>\t\t\t\t<\/div>\n\t\t\t\t<\/div>\n\t\t\t\t<div class=\"elementor-element elementor-element-37bedd4 elementor-widget elementor-widget-ube-button\" data-id=\"37bedd4\" data-element_type=\"widget\" data-widget_type=\"ube-button.default\">\n\t\t\t\t<div class=\"elementor-widget-container\">\n\t\t\t\t\t<a class=\"ube-btn btn btn-md btn-rounded btn-outline btn-outline-accent btn-accent\" href=\"https:\/\/singjayamedical.com\/fr\/nos-services\/nos-services-cliniques\/\">\n\t    <span class=\"ube-btn-text\">Voir nos services cliniques <\/span>\n\t<\/a>\n\n\n\t\t\t\t<\/div>\n\t\t\t\t<\/div>\n\t\t\t\t<\/div>\n\t\t\t\t\t<\/div>\n\t\t\t\t<\/div>\n\t\t<div class=\"elementor-element elementor-element-d2a069f e-flex e-con-boxed e-con e-parent\" data-id=\"d2a069f\" data-element_type=\"container\" data-settings=\"{&quot;background_background&quot;:&quot;classic&quot;}\">\n\t\t\t\t\t<div class=\"e-con-inner\">\n\t\t<div class=\"elementor-element elementor-element-cde9098 e-con-full e-flex e-con e-child\" data-id=\"cde9098\" data-element_type=\"container\">\n\t\t<div class=\"elementor-element elementor-element-c2486a1 e-con-full e-flex e-con e-child\" data-id=\"c2486a1\" data-element_type=\"container\">\n\t\t\t\t<div class=\"elementor-element elementor-element-6c6c72f elementor-widget elementor-widget-ube-heading\" data-id=\"6c6c72f\" data-element_type=\"widget\" data-widget_type=\"ube-heading.default\">\n\t\t\t\t<div class=\"elementor-widget-container\">\n\t\t\t\t\t<div class=\"ube-heading\">\n\t<h2 class=\"ube-heading-title\">Maladies<\/h2><div class=\"ube-heading-description\"><p><span style=\"font-weight: 400\">Nous sommes sp\u00e9cialis\u00e9s dans le diagnostic et traitement de diverses pathologies de m\u00e9decine interne. <\/span><\/p><\/div><\/div>\t\t\t\t<\/div>\n\t\t\t\t<\/div>\n\t\t\t\t<div class=\"elementor-element elementor-element-d1226c8 elementor-widget elementor-widget-ube-button\" data-id=\"d1226c8\" data-element_type=\"widget\" data-widget_type=\"ube-button.default\">\n\t\t\t\t<div class=\"elementor-widget-container\">\n\t\t\t\t\t<a class=\"ube-btn btn btn-md btn-rounded btn-outline btn-outline-accent btn-accent\" href=\"https:\/\/singjayamedical.com\/fr\/nos-services\/maladies-traitees\/#various-internal-medicine-condition\">\n\t    <span class=\"ube-btn-text\">Liste des diverses pathologies de m\u00e9decine interne<\/span>\n\t<\/a>\n\n\n\t\t\t\t<\/div>\n\t\t\t\t<\/div>\n\t\t\t\t<\/div>\n\t\t<div class=\"elementor-element elementor-element-04783a5 e-con-full e-flex e-con e-child\" data-id=\"04783a5\" data-element_type=\"container\">\n\t\t\t\t<div class=\"elementor-element elementor-element-13d5578 elementor-widget elementor-widget-ube-heading\" data-id=\"13d5578\" data-element_type=\"widget\" data-widget_type=\"ube-heading.default\">\n\t\t\t\t<div class=\"elementor-widget-container\">\n\t\t\t\t\t<div class=\"ube-heading\">\n\t<div class=\"ube-heading-description\"><p><span style=\"font-weight: 400\">Nous sommes \u00e9galement experts dans le diagnostic de maladies qui se pr\u00e9sentent avec des sympt\u00f4mes non-sp\u00e9cifiques. <\/span><\/p><\/div><\/div>\t\t\t\t<\/div>\n\t\t\t\t<\/div>\n\t\t\t\t<div class=\"elementor-element elementor-element-690cb0f elementor-widget elementor-widget-ube-button\" data-id=\"690cb0f\" data-element_type=\"widget\" data-widget_type=\"ube-button.default\">\n\t\t\t\t<div class=\"elementor-widget-container\">\n\t\t\t\t\t<a class=\"ube-btn btn btn-md btn-rounded btn-outline btn-outline-accent btn-accent\" href=\"https:\/\/singjayamedical.com\/fr\/nos-services\/maladies-traitees\/\/#undifferentiated-symptom\">\n\t    <span class=\"ube-btn-text\"> Liste des sympt\u00f4mes non-sp\u00e9cifiques <\/span>\n\t<\/a>\n\n\n\t\t\t\t<\/div>\n\t\t\t\t<\/div>\n\t\t\t\t<\/div>\n\t\t\t\t<\/div>\n\t\t<div class=\"elementor-element elementor-element-ddd289a e-con-full e-flex e-con e-child\" data-id=\"ddd289a\" data-element_type=\"container\" data-settings=\"{&quot;background_background&quot;:&quot;classic&quot;}\">\n\t\t\t\t<\/div>\n\t\t\t\t\t<\/div>\n\t\t\t\t<\/div>\n\t\t<div class=\"elementor-element elementor-element-8987b5a e-flex e-con-boxed e-con e-parent\" data-id=\"8987b5a\" data-element_type=\"container\" data-settings=\"{&quot;background_background&quot;:&quot;classic&quot;}\">\n\t\t\t\t\t<div class=\"e-con-inner\">\n\t\t<div class=\"elementor-element elementor-element-4279ecb e-con-full e-flex e-con e-child\" data-id=\"4279ecb\" data-element_type=\"container\" data-settings=\"{&quot;background_background&quot;:&quot;classic&quot;}\">\n\t\t\t\t<\/div>\n\t\t<div class=\"elementor-element elementor-element-291a45c e-con-full e-flex e-con e-child\" data-id=\"291a45c\" data-element_type=\"container\">\n\t\t\t\t<div class=\"elementor-element elementor-element-7d12022 elementor-widget elementor-widget-ube-heading\" data-id=\"7d12022\" data-element_type=\"widget\" data-widget_type=\"ube-heading.default\">\n\t\t\t\t<div class=\"elementor-widget-container\">\n\t\t\t\t\t<div class=\"ube-heading\">\n\t<h2 class=\"ube-heading-title\">Forfaits<\/h2><div class=\"ube-heading-description\"><p>Des bilans de sant\u00e9 complets et des d\u00e9pistages sp\u00e9cialis\u00e9s aux soins cibl\u00e9s pour la sant\u00e9 des femmes et les IST, nos forfaits proposent des options proactives et personnalis\u00e9es pour vous aider \u00e0 rester inform\u00e9(e), rassur\u00e9(e) et ma\u00eetre de votre sant\u00e9.<\/p><\/div><\/div>\t\t\t\t<\/div>\n\t\t\t\t<\/div>\n\t\t\t\t<div class=\"elementor-element elementor-element-2d5936f elementor-widget elementor-widget-ube-button\" data-id=\"2d5936f\" data-element_type=\"widget\" data-widget_type=\"ube-button.default\">\n\t\t\t\t<div class=\"elementor-widget-container\">\n\t\t\t\t\t<a class=\"ube-btn btn btn-md btn-rounded btn-outline btn-outline-accent btn-accent\" href=\"https:\/\/singjayamedical.com\/fr\/nos-services\/forfaits\/\">\n\t    <span class=\"ube-btn-text\">Voir les forfaits<\/span>\n\t<\/a>\n\n\n\t\t\t\t<\/div>\n\t\t\t\t<\/div>\n\t\t\t\t<\/div>\n\t\t\t\t\t<\/div>\n\t\t\t\t<\/div>\n\t\t\t\t<\/div>\n\t\t","protected":false},"excerpt":{"rendered":"<p>Home Services Types de consultations Nous offrons des consultations en pr\u00e9sentiel \u00e0 la clinique ainsi que des t\u00e9l\u00e9consultations par Whatsapp ou Telegram. Nos m\u00e9decins peuvent \u00e9galement se rendre \u00e0 votre domicile ou h\u00f4tel. Voir les types de consultations Nos services cliniques En plus des services de diagnostic et traitement de maladies, nous offrons \u00e9galement des [&hellip;]<\/p>\n","protected":false},"author":3,"featured_media":3250,"parent":0,"menu_order":0,"comment_status":"closed","ping_status":"closed","template":"","meta":{"_acf_changed":false,"footnotes":""},"class_list":["post-2126","page","type-page","status-publish","has-post-thumbnail","hentry"],"acf":[],"aioseo_notices":[],"_links":{"self":[{"href":"https:\/\/singjayamedical.com\/fr\/wp-json\/wp\/v2\/pages\/2126","targetHints":{"allow":["GET"]}}],"collection":[{"href":"https:\/\/singjayamedical.com\/fr\/wp-json\/wp\/v2\/pages"}],"about":[{"href":"https:\/\/singjayamedical.com\/fr\/wp-json\/wp\/v2\/types\/page"}],"author":[{"embeddable":true,"href":"https:\/\/singjayamedical.com\/fr\/wp-json\/wp\/v2\/users\/3"}],"replies":[{"embeddable":true,"href":"https:\/\/singjayamedical.com\/fr\/wp-json\/wp\/v2\/comments?post=2126"}],"version-history":[{"count":42,"href":"https:\/\/singjayamedical.com\/fr\/wp-json\/wp\/v2\/pages\/2126\/revisions"}],"predecessor-version":[{"id":4786,"href":"https:\/\/singjayamedical.com\/fr\/wp-json\/wp\/v2\/pages\/2126\/revisions\/4786"}],"wp:featuredmedia":[{"embeddable":true,"href":"https:\/\/singjayamedical.com\/fr\/wp-json\/wp\/v2\/media\/3250"}],"wp:attachment":[{"href":"https:\/\/singjayamedical.com\/fr\/wp-json\/wp\/v2\/media?parent=2126"}],"curies":[{"name":"wp","href":"https:\/\/api.w.org\/{rel}","templated":true}]}}