{"id":2197,"date":"2024-04-16T05:37:42","date_gmt":"2024-04-16T05:37:42","guid":{"rendered":"https:\/\/singjayamedical.com\/nos-services-cliniques\/"},"modified":"2025-06-09T03:24:03","modified_gmt":"2025-06-09T03:24:03","slug":"nos-services-cliniques","status":"publish","type":"page","link":"https:\/\/singjayamedical.com\/fr\/nos-services\/nos-services-cliniques\/","title":{"rendered":"Nos services cliniques"},"content":{"rendered":"\t\t<div data-elementor-type=\"wp-page\" data-elementor-id=\"2197\" class=\"elementor elementor-2197 elementor-782\">\n\t\t\t\t<div class=\"elementor-element elementor-element-77a5642 e-flex e-con-boxed e-con e-parent\" data-id=\"77a5642\" data-element_type=\"container\" data-settings=\"{&quot;background_background&quot;:&quot;gradient&quot;}\">\n\t\t\t\t\t<div class=\"e-con-inner\">\n\t\t\t\t<div class=\"elementor-element elementor-element-07a09c2 elementor-widget elementor-widget-singjaya-breadcrumbs\" data-id=\"07a09c2\" data-element_type=\"widget\" data-widget_type=\"singjaya-breadcrumbs.default\">\n\t\t\t\t<div class=\"elementor-widget-container\">\n\t\t\t\t\t<nav aria-label=\"breadcrumb\" class=\"ag-breadcrumbs\">\n\t\t<ol class=\"ube-breadcrumbs breadcrumbs list-unstyled d-inline-flex flex-wrap align-items-center m-0 \"><li class=\"breadcrumb-item link-no-underline\"><a href=\"https:\/\/singjayamedical.com\/fr\/\">Home<\/a><\/li><li class=\"breadcrumb-item link-no-underline\"><a href=\"https:\/\/singjayamedical.com\/services\/\">Services<\/a><\/li><\/ol><\/nav>\n\t\t\t\t<\/div>\n\t\t\t\t<\/div>\n\t\t<div class=\"elementor-element elementor-element-0362772 e-flex e-con-boxed e-con e-child\" data-id=\"0362772\" data-element_type=\"container\">\n\t\t\t\t\t<div class=\"e-con-inner\">\n\t\t\t\t<div class=\"elementor-element elementor-element-cd58877 elementor-align-center elementor-widget elementor-widget-ube-heading\" data-id=\"cd58877\" data-element_type=\"widget\" data-widget_type=\"ube-heading.default\">\n\t\t\t\t<div class=\"elementor-widget-container\">\n\t\t\t\t\t<div class=\"ube-heading\">\n\t<h1 class=\"ube-heading-title\">Nos services cliniques<\/h1><div class=\"ube-heading-description\"><p><span style=\"font-weight: 400\">Nous sommes sp\u00e9cialis\u00e9s en m\u00e9decine adulte et acceptons les patients d\u00e8s l\u2019\u00e2ge de 16 ans.<\/span><\/p><\/div><\/div>\t\t\t\t<\/div>\n\t\t\t\t<\/div>\n\t\t\t\t\t<\/div>\n\t\t\t\t<\/div>\n\t\t\t\t\t<\/div>\n\t\t\t\t<\/div>\n\t\t<div class=\"elementor-element elementor-element-cd45eb5 e-flex e-con-boxed e-con e-parent\" data-id=\"cd45eb5\" data-element_type=\"container\" data-settings=\"{&quot;background_background&quot;:&quot;classic&quot;}\">\n\t\t\t\t\t<div class=\"e-con-inner\">\n\t\t<div class=\"elementor-element elementor-element-e2fed57 e-con-full link-with-border e-flex e-con e-child\" data-id=\"e2fed57\" data-element_type=\"container\">\n\t\t\t\t<div class=\"elementor-element elementor-element-c3c5054 elementor-widget elementor-widget-singjaya-post-grid\" data-id=\"c3c5054\" data-element_type=\"widget\" data-widget_type=\"singjaya-post-grid.default\">\n\t\t\t\t<div class=\"elementor-widget-container\">\n\t\t\t\t\t<div class=\"post-grid\">\n    <div class=\"layout-3\">\n                    <div class=\"row post-row\">\n                <div class=\"col-12\">\n                    <div class=\"post-item\" id=\"2187\">\n                        <div class=\"img\">\n                            <div class=\"img\"><img decoding=\"async\" width=\"149\" height=\"145\" src=\"https:\/\/singjayamedical.com\/wp-content\/uploads\/2024\/04\/diagnosis_and_treatment.png\" class=\"attachment-full size-full wp-post-image\" alt=\"\" \/><\/div>\n                        <\/div>\n                        <h4 class=\"tittle\">Diagnostic et traitement de maladies aigues et chroniques<\/h4>\n                        <div class=\"description\">\n                            <p>Nous diagnostiquons et traitons les maladies aigues comme chroniques. Pour les situations hautement sp\u00e9cialis\u00e9es ou qui n\u00e9cessitent des investigations plus sophistiqu\u00e9es, nous avons un large r\u00e9seau de sp\u00e9cialistes et centres diagnostiques \u00e0 Phnom Penh et \u00e0 l\u2019\u00e9tranger.<\/p>\n                        <\/div>\n                                                    <a href=\"https:\/\/singjayamedical.com\/fr\/prendre-rendez-vous\/\" class=\"btn btn-outline-primary\">Prendre rendez-vous<\/a>\n                                            <\/div>\n                <\/div>\n            <\/div>\n                    <div class=\"row post-row\">\n                <div class=\"col-12\">\n                    <div class=\"post-item\" id=\"2189\">\n                        <div class=\"img\">\n                            <div class=\"img\"><img decoding=\"async\" width=\"164\" height=\"148\" src=\"https:\/\/singjayamedical.com\/wp-content\/uploads\/2024\/04\/continuing_treatment.png\" class=\"attachment-full size-full wp-post-image\" alt=\"\" \/><\/div>\n                        <\/div>\n                        <h4 class=\"tittle\">Poursuite de traitement de maladies chroniques commenc\u00e9 ailleurs<\/h4>\n                        <div class=\"description\">\n                            <p>Gr\u00e2ce \u00e0 nos m\u00e9decins form\u00e9s \u00e0 l\u2019\u00e9tranger, nous sommes \u00e0 l\u2019aise avec les recommandations internationales ainsi que les m\u00e9dicaments et autres traitements que vous ayez pu recevoir dans votre pays d\u2019origine.<\/p>\n                        <\/div>\n                                                    <a href=\"https:\/\/singjayamedical.com\/fr\/prendre-rendez-vous\/\" class=\"btn btn-outline-primary\">Prendre rendez-vous<\/a>\n                                            <\/div>\n                <\/div>\n            <\/div>\n                    <div class=\"row post-row\">\n                <div class=\"col-12\">\n                    <div class=\"post-item\" id=\"2191\">\n                        <div class=\"img\">\n                            <div class=\"img\"><img decoding=\"async\" width=\"167\" height=\"145\" src=\"https:\/\/singjayamedical.com\/wp-content\/uploads\/2024\/04\/work_up.png\" class=\"attachment-full size-full wp-post-image\" alt=\"\" \/><\/div>\n                        <\/div>\n                        <h4 class=\"tittle\">Bilan pour sympt\u00f4mes non-sp\u00e9cifiques<\/h4>\n                        <div class=\"description\">\n                            <p>Nos m\u00e9decins sont sp\u00e9cialis\u00e9s dans le diagnostic de maladies qui peuvent se pr\u00e9senter avec des sympt\u00f4mes non-sp\u00e9cifiques ou vagues. Gr\u00e2ce \u00e0 une anamn\u00e8se minutieuse, un examen clinique et des investigations cibl\u00e9es, nous pouvons diagnostiquer et traiter des pathologies qui peuvent se pr\u00e9senter par des sympt\u00f4mes tels que perte de poids, fatigue, fi\u00e8vre, ganglions et bien d\u2019autres. <a href=\"https:\/\/singjayamedical.com\/medical-conditions\/#undifferentiated-symptom\">Cliquez-ici<\/a> pour la liste des sympt\u00f4mes et maladies dont nous sommes sp\u00e9cialistes.<\/p>\n                        <\/div>\n                                                    <a href=\"https:\/\/singjayamedical.com\/fr\/prendre-rendez-vous\/\" class=\"btn btn-outline-primary\">Prendre rendez-vous<\/a>\n                                            <\/div>\n                <\/div>\n            <\/div>\n                    <div class=\"row post-row\">\n                <div class=\"col-12\">\n                    <div class=\"post-item\" id=\"4210\">\n                        <div class=\"img\">\n                            <div class=\"img\"><img loading=\"lazy\" decoding=\"async\" width=\"114\" height=\"113\" src=\"https:\/\/singjayamedical.com\/wp-content\/uploads\/2025\/06\/Vaccinations.png\" class=\"attachment-full size-full wp-post-image\" alt=\"Vaccinations\" \/><\/div>\n                        <\/div>\n                        <h4 class=\"tittle\">Vaccinations<\/h4>\n                        <div class=\"description\">\n                            <p><p class=\"p1\"><span class=\"s1\">Nos m\u00e9decins sont experts en vaccinologie et peuvent vous aider \u00e0 mettre \u00e0 jour vos vaccins, que vous soyiez en voyage ou que vous viviez au Cambodge. Nous pouvons vacciner contre la rage, la dipht\u00e9rie, le t\u00e9tanos, la coqueluche, <\/span>la poliomy\u00e9lite, <span class=\"s1\">la rougeole, les oreillons, la rub\u00e9ole, la varicelle, le zona, les h\u00e9patites A et B, la grippe, les pneumocoques, la m\u00e9ningite, les papillomavirus (Gardasil-9), la fi\u00e8vre typho\u00efde et l\u2019enc\u00e9phalite japonaise. <\/span><\/p><\/p>\n                        <\/div>\n                                                    <a href=\"https:\/\/singjayamedical.com\/fr\/prendre-rendez-vous\/\" class=\"btn btn-outline-primary\">Prendre rendez-vous<\/a>\n                                            <\/div>\n                <\/div>\n            <\/div>\n                    <div class=\"row post-row\">\n                <div class=\"col-12\">\n                    <div class=\"post-item\" id=\"2195\">\n                        <div class=\"img\">\n                            <div class=\"img\"><img loading=\"lazy\" decoding=\"async\" width=\"180\" height=\"145\" src=\"https:\/\/singjayamedical.com\/wp-content\/uploads\/2024\/04\/health_checkup.png\" class=\"attachment-full size-full wp-post-image\" alt=\"\" \/><\/div>\n                        <\/div>\n                        <h4 class=\"tittle\">Bilan de sant\u00e9 et m\u00e9decine pr\u00e9ventive<\/h4>\n                        <div class=\"description\">\n                            <p>Nous avons plusieurs forfaits pour un bilan de sant\u00e9 cibl\u00e9 selon votre \u00e2ge, style de vie et histoire familiale. Ces forfaits incluent une consultation avec des conseils sur comment adopter ou conserver un style de vie sain et comment intervenir en cas de r\u00e9sultats anormaux d\u00e9couverts lors du bilan.<\/p>\n                        <\/div>\n                                                    <a href=\"https:\/\/singjayamedical.com\/fr\/prendre-rendez-vous\/\" class=\"btn btn-outline-primary\">Prendre rendez-vous<\/a>\n                                            <\/div>\n                <\/div>\n            <\/div>\n                    <div class=\"row post-row\">\n                <div class=\"col-12\">\n                    <div class=\"post-item\" id=\"2193\">\n                        <div class=\"img\">\n                            <div class=\"img\"><img loading=\"lazy\" decoding=\"async\" width=\"144\" height=\"146\" src=\"https:\/\/singjayamedical.com\/wp-content\/uploads\/2024\/04\/target_health_screening.png\" class=\"attachment-full size-full wp-post-image\" alt=\"\" \/><\/div>\n                        <\/div>\n                        <h4 class=\"tittle\">Service de d\u00e9pistage<\/h4>\n                        <div class=\"description\">\n                            <p>Nous offrons plusieurs d\u00e9pistages cibl\u00e9s comme ceux de cancers (prostate, sein, col de l\u2019ut\u00e9rus, c\u00f4lon, peau), d\u2019infections (sexuellement transmissibles dont VIH, tuberculose, infections parasitaires) et autres.<\/p>\n                        <\/div>\n                                                    <a href=\"https:\/\/singjayamedical.com\/fr\/prendre-rendez-vous\/\" class=\"btn btn-outline-primary\">Prendre rendez-vous<\/a>\n                                            <\/div>\n                <\/div>\n            <\/div>\n                    <div class=\"row post-row\">\n                <div class=\"col-12\">\n                    <div class=\"post-item\" id=\"2185\">\n                        <div class=\"img\">\n                            <div class=\"img\"><img loading=\"lazy\" decoding=\"async\" width=\"167\" height=\"131\" src=\"https:\/\/singjayamedical.com\/wp-content\/uploads\/2024\/04\/medical_travel.png\" class=\"attachment-full size-full wp-post-image\" alt=\"\" \/><\/div>\n                        <\/div>\n                        <h4 class=\"tittle\">M\u00e9decine des voyages<\/h4>\n                        <div class=\"description\">\n                            <p>Nous pouvons vous conseiller sur les mesures pr\u00e9ventives et vaccinations \u00e0 faire pour votre voyage, que ce soit ici au Cambodge, en Asie du Sud-Est, en Afrique ou ailleurs. Nos recommandations sont align\u00e9es avec celles du CDC (Centers for Disease Control and Prevention) am\u00e9ricain. Selon votre destination, nous pouvons \u00e9galement vous fournir un kit de voyage, comprenant notamment du r\u00e9pulsif anti-moustique prouv\u00e9 efficace, une prophylaxie contre la malaria ainsi que d\u2019autres m\u00e9dicaments utiles.<\/p>\n                        <\/div>\n                                                    <a href=\"https:\/\/singjayamedical.com\/fr\/prendre-rendez-vous\/\" class=\"btn btn-outline-primary\">Prendre rendez-vous<\/a>\n                                            <\/div>\n                <\/div>\n            <\/div>\n                    <div class=\"row post-row\">\n                <div class=\"col-12\">\n                    <div class=\"post-item\" id=\"4211\">\n                        <div class=\"img\">\n                            <div class=\"img\"><img loading=\"lazy\" decoding=\"async\" width=\"127\" height=\"113\" src=\"https:\/\/singjayamedical.com\/wp-content\/uploads\/2025\/06\/ECG.png\" class=\"attachment-full size-full wp-post-image\" alt=\"ECG\" \/><\/div>\n                        <\/div>\n                        <h4 class=\"tittle\">ECG<\/h4>\n                        <div class=\"description\">\n                            <p>Nous avons maintenant acc\u00e8s \u00e0 un \u00e9lectrocardiogramme dans notre clinique. Un ECG est un trac\u00e9 \u00e9lectrique qui refl\u00e8te votre activit\u00e9 cardiaque. Il s\u2019agit d\u2019un outil important pour investiguer de nombreux diagnostics m\u00e9dicaux.<\/p>\n                        <\/div>\n                                                    <a href=\"https:\/\/singjayamedical.com\/fr\/prendre-rendez-vous\/\" class=\"btn btn-outline-primary\">Prendre rendez-vous<\/a>\n                                            <\/div>\n                <\/div>\n            <\/div>\n                    <div class=\"row post-row\">\n                <div class=\"col-12\">\n                    <div class=\"post-item\" id=\"4212\">\n                        <div class=\"img\">\n                            <div class=\"img\"><img loading=\"lazy\" decoding=\"async\" width=\"256\" height=\"256\" src=\"https:\/\/singjayamedical.com\/wp-content\/uploads\/2025\/06\/Ultrasonography.png\" class=\"attachment-full size-full wp-post-image\" alt=\"Ultrasonography\" srcset=\"https:\/\/singjayamedical.com\/wp-content\/uploads\/2025\/06\/Ultrasonography.png 256w, https:\/\/singjayamedical.com\/wp-content\/uploads\/2025\/06\/Ultrasonography-150x150.png 150w\" sizes=\"(max-width: 256px) 100vw, 256px\" \/><\/div>\n                        <\/div>\n                        <h4 class=\"tittle\">Ultrasonographie<\/h4>\n                        <div class=\"description\">\n                            <p><p class=\"p1\"><span class=\"s1\">Singjaya Medical Center offre un service d\u2019imagerie par ultrasons (\u00e9chographie). Notre m\u00e9decin a \u00e9t\u00e9 form\u00e9e en Cor\u00e9e du Sud et a travaill\u00e9 dans le domaine de l\u2019imagerie diagnostique durant 10 ans. Nous pouvons effectuer des ultrasons de l\u2019abdomen, des seins, de la thyro\u00efde, des membres, ainsi que des \u00e9chographies gyn\u00e9cologiques (\u00e9galement durant la grossesse). <\/span><\/p><\/p>\n                        <\/div>\n                                                    <a href=\"https:\/\/singjayamedical.com\/fr\/prendre-rendez-vous\/\" class=\"btn btn-outline-primary\">Prendre rendez-vous<\/a>\n                                            <\/div>\n                <\/div>\n            <\/div>\n                    <div class=\"row post-row\">\n                <div class=\"col-12\">\n                    <div class=\"post-item\" id=\"4213\">\n                        <div class=\"img\">\n                            <div class=\"img\"><img loading=\"lazy\" decoding=\"async\" width=\"256\" height=\"256\" src=\"https:\/\/singjayamedical.com\/wp-content\/uploads\/2025\/06\/Physiotherapy.png\" class=\"attachment-full size-full wp-post-image\" alt=\"Physiotherapy\" srcset=\"https:\/\/singjayamedical.com\/wp-content\/uploads\/2025\/06\/Physiotherapy.png 256w, https:\/\/singjayamedical.com\/wp-content\/uploads\/2025\/06\/Physiotherapy-150x150.png 150w\" sizes=\"(max-width: 256px) 100vw, 256px\" \/><\/div>\n                        <\/div>\n                        <h4 class=\"tittle\">Physioth\u00e9rapie<\/h4>\n                        <div class=\"description\">\n                            <p><p class=\"p1\"><span class=\"s1\">Notre \u00e9quipe collabore avec des physioth\u00e9rapeutes europ\u00e9ens exp\u00e9riment\u00e9s qui pourront vous aider \u00e0 la r\u00e9\u00e9ducation lors de diverses pathologies, de l\u2019orthop\u00e9die \u00e0 la neurologie. Nous sommes convaincus qu\u2019un traitement holistique est important lors de la prise en charge de douleurs chroniques. <\/span><\/p><\/p>\n                        <\/div>\n                                                    <a href=\"https:\/\/singjayamedical.com\/fr\/prendre-rendez-vous\/\" class=\"btn btn-outline-primary\">Prendre rendez-vous<\/a>\n                                            <\/div>\n                <\/div>\n            <\/div>\n                    <div class=\"row post-row\">\n                <div class=\"col-12\">\n                    <div class=\"post-item\" id=\"4214\">\n                        <div class=\"img\">\n                            <div class=\"img\"><img loading=\"lazy\" decoding=\"async\" width=\"512\" height=\"512\" src=\"https:\/\/singjayamedical.com\/wp-content\/uploads\/2025\/06\/Psychiatry.png\" class=\"attachment-full size-full wp-post-image\" alt=\"Psychiatry\" srcset=\"https:\/\/singjayamedical.com\/wp-content\/uploads\/2025\/06\/Psychiatry.png 512w, https:\/\/singjayamedical.com\/wp-content\/uploads\/2025\/06\/Psychiatry-300x300.png 300w, https:\/\/singjayamedical.com\/wp-content\/uploads\/2025\/06\/Psychiatry-150x150.png 150w\" sizes=\"(max-width: 512px) 100vw, 512px\" \/><\/div>\n                        <\/div>\n                        <h4 class=\"tittle\">Psychiatrie<\/h4>\n                        <div class=\"description\">\n                            <p><p class=\"p1\"><span class=\"s1\">L\u2019acc\u00e8s aux services de sant\u00e9 mentale est encore limit\u00e9 au Cambodge. Afin de contribuer \u00e0 combler ce manque, Singjaya Medical Center travaille avec un psychiatre khmer hautement qualifi\u00e9, form\u00e9 en France et aux Pays-Bas, parlant anglais et fran\u00e7ais.<\/span><\/p><\/p>\n                        <\/div>\n                                                    <a href=\"https:\/\/singjayamedical.com\/fr\/prendre-rendez-vous\/\" class=\"btn btn-outline-primary\">Prendre rendez-vous<\/a>\n                                            <\/div>\n                <\/div>\n            <\/div>\n                    <div class=\"row post-row\">\n                <div class=\"col-12\">\n                    <div class=\"post-item\" id=\"5015\">\n                        <div class=\"img\">\n                            <div class=\"img\"><img loading=\"lazy\" decoding=\"async\" width=\"141\" height=\"141\" src=\"https:\/\/singjayamedical.com\/wp-content\/uploads\/2025\/08\/Dermatology.png\" class=\"attachment-full size-full wp-post-image\" alt=\"Dermatology\" \/><\/div>\n                        <\/div>\n                        <h4 class=\"tittle\">Dermatologie<\/h4>\n                        <div class=\"description\">\n                            <p><p class=\"p1\">Pour palier au manque de dermatologues \u00e0 Siem Reap, Singjaya Medical Center travaille en partenariat avec une sp\u00e9cialiste suisse. Notre dermatologue fournit des avis sp\u00e9cialis\u00e9s en ligne apr\u00e8s \u00e9valuation par notre m\u00e9decin, pour un diagnostic pr\u00e9cis et une prise en charge experte de vos probl\u00e8mes cutan\u00e9s. <\/p><\/p>\n                        <\/div>\n                                                    <a href=\"https:\/\/singjayamedical.com\/fr\/prendre-rendez-vous\/\" class=\"btn btn-outline-primary\">Prendre rendez-vous<\/a>\n                                            <\/div>\n                <\/div>\n            <\/div>\n            <\/div>\n<\/div>\t\t\t\t<\/div>\n\t\t\t\t<\/div>\n\t\t\t\t<\/div>\n\t\t\t\t\t<\/div>\n\t\t\t\t<\/div>\n\t\t\t\t<\/div>\n\t\t","protected":false},"excerpt":{"rendered":"<p>Home Services Nos services cliniques Nous sommes sp\u00e9cialis\u00e9s en m\u00e9decine adulte et acceptons les patients d\u00e8s l\u2019\u00e2ge de 16 ans. Diagnostic et traitement de maladies aigues et chroniques Nous diagnostiquons et traitons les maladies aigues comme chroniques. Pour les situations hautement sp\u00e9cialis\u00e9es ou qui n\u00e9cessitent des investigations plus sophistiqu\u00e9es, nous avons un large r\u00e9seau de [&hellip;]<\/p>\n","protected":false},"author":3,"featured_media":3250,"parent":2126,"menu_order":0,"comment_status":"closed","ping_status":"closed","template":"","meta":{"_acf_changed":false,"footnotes":""},"class_list":["post-2197","page","type-page","status-publish","has-post-thumbnail","hentry"],"acf":[],"aioseo_notices":[],"_links":{"self":[{"href":"https:\/\/singjayamedical.com\/fr\/wp-json\/wp\/v2\/pages\/2197","targetHints":{"allow":["GET"]}}],"collection":[{"href":"https:\/\/singjayamedical.com\/fr\/wp-json\/wp\/v2\/pages"}],"about":[{"href":"https:\/\/singjayamedical.com\/fr\/wp-json\/wp\/v2\/types\/page"}],"author":[{"embeddable":true,"href":"https:\/\/singjayamedical.com\/fr\/wp-json\/wp\/v2\/users\/3"}],"replies":[{"embeddable":true,"href":"https:\/\/singjayamedical.com\/fr\/wp-json\/wp\/v2\/comments?post=2197"}],"version-history":[{"count":18,"href":"https:\/\/singjayamedical.com\/fr\/wp-json\/wp\/v2\/pages\/2197\/revisions"}],"predecessor-version":[{"id":4694,"href":"https:\/\/singjayamedical.com\/fr\/wp-json\/wp\/v2\/pages\/2197\/revisions\/4694"}],"up":[{"embeddable":true,"href":"https:\/\/singjayamedical.com\/fr\/wp-json\/wp\/v2\/pages\/2126"}],"wp:featuredmedia":[{"embeddable":true,"href":"https:\/\/singjayamedical.com\/fr\/wp-json\/wp\/v2\/media\/3250"}],"wp:attachment":[{"href":"https:\/\/singjayamedical.com\/fr\/wp-json\/wp\/v2\/media?parent=2197"}],"curies":[{"name":"wp","href":"https:\/\/api.w.org\/{rel}","templated":true}]}}