{"id":2211,"date":"2024-04-16T05:26:49","date_gmt":"2024-04-16T05:26:49","guid":{"rendered":"https:\/\/singjayamedical.com\/types-de-consultation\/"},"modified":"2025-06-09T03:34:31","modified_gmt":"2025-06-09T03:34:31","slug":"types-de-consultation","status":"publish","type":"page","link":"https:\/\/singjayamedical.com\/fr\/nos-services\/types-de-consultation\/","title":{"rendered":"Types de consultation"},"content":{"rendered":"\t\t<div data-elementor-type=\"wp-page\" data-elementor-id=\"2211\" class=\"elementor elementor-2211 elementor-768\">\n\t\t\t\t<div class=\"elementor-element elementor-element-77a5642 e-flex e-con-boxed e-con e-parent\" data-id=\"77a5642\" data-element_type=\"container\" data-settings=\"{&quot;background_background&quot;:&quot;gradient&quot;}\">\n\t\t\t\t\t<div class=\"e-con-inner\">\n\t\t\t\t<div class=\"elementor-element elementor-element-55d677c elementor-widget elementor-widget-singjaya-breadcrumbs\" data-id=\"55d677c\" data-element_type=\"widget\" data-widget_type=\"singjaya-breadcrumbs.default\">\n\t\t\t\t<div class=\"elementor-widget-container\">\n\t\t\t\t\t<nav aria-label=\"breadcrumb\" class=\"ag-breadcrumbs\">\n\t\t<ol class=\"ube-breadcrumbs breadcrumbs list-unstyled d-inline-flex flex-wrap align-items-center m-0 \"><li class=\"breadcrumb-item link-no-underline\"><a href=\"https:\/\/singjayamedical.com\/fr\/\">Home<\/a><\/li><li class=\"breadcrumb-item link-no-underline\"><a href=\"https:\/\/singjayamedical.com\/services\/\">Services<\/a><\/li><\/ol><\/nav>\n\t\t\t\t<\/div>\n\t\t\t\t<\/div>\n\t\t<div class=\"elementor-element elementor-element-0973735 e-con-full e-flex e-con e-child\" data-id=\"0973735\" data-element_type=\"container\">\n\t\t\t\t<div class=\"elementor-element elementor-element-cd58877 elementor-align-center elementor-widget elementor-widget-ube-heading\" data-id=\"cd58877\" data-element_type=\"widget\" data-widget_type=\"ube-heading.default\">\n\t\t\t\t<div class=\"elementor-widget-container\">\n\t\t\t\t\t<div class=\"ube-heading\">\n\t<h1 class=\"ube-heading-title\">Types de consultation<\/h1><\/div>\t\t\t\t<\/div>\n\t\t\t\t<\/div>\n\t\t\t\t<\/div>\n\t\t\t\t\t<\/div>\n\t\t\t\t<\/div>\n\t\t<div class=\"elementor-element elementor-element-cd45eb5 e-flex e-con-boxed e-con e-parent\" data-id=\"cd45eb5\" data-element_type=\"container\" data-settings=\"{&quot;background_background&quot;:&quot;classic&quot;}\">\n\t\t\t\t\t<div class=\"e-con-inner\">\n\t\t<div class=\"elementor-element elementor-element-e2fed57 e-con-full e-flex e-con e-child\" data-id=\"e2fed57\" data-element_type=\"container\">\n\t\t\t\t<div class=\"elementor-element elementor-element-c3c5054 elementor-widget elementor-widget-singjaya-post-grid\" data-id=\"c3c5054\" data-element_type=\"widget\" data-widget_type=\"singjaya-post-grid.default\">\n\t\t\t\t<div class=\"elementor-widget-container\">\n\t\t\t\t\t<div class=\"post-grid\">\n    <div class=\"layout-2\">\n                    <div class=\"row post-row\">\n                <div class=\"col-12\">\n                    <div class=\"post-item\">\n                        <h3 class='m-0 title'>Visites \u00e0 l\u2019h\u00f4tel<\/h3>                        <div class=\"description\">\n                            <p>Si vous \u00eates un visiteur \u00e0 Siem Reap et ne vous sentez pas bien ou avez besoin de soins pour une maladie chronique, notre m\u00e9decin peut \u00e9galement venir vous \u00e9valuer \u00e0 votre h\u00f4tel.<\/p>\n                        <\/div>\n                                                    <a href=\"https:\/\/singjayamedical.com\/fr\/prendre-rendez-vous\/\" class=\"btn btn-outline-primary\">Prendre rendez-vous<\/a>\n                                            <\/div>\n                <\/div>\n            <\/div>\n                    <div class=\"row post-row\">\n                <div class=\"col-12\">\n                    <div class=\"post-item\">\n                        <h3 class='m-0 title'>Visites \u00e0 domicile<\/h3>                        <div class=\"description\">\n                            <p>Si vous ne vous sentez pas suffisamment bien pour venir en personne \u00e0 la clinique, ou pr\u00e9f\u00e9rez plus d\u2019intimit\u00e9, notre m\u00e9decin peut venir vous \u00e9valuer \u00e0 domicile.<\/p>\n                        <\/div>\n                                                    <a href=\"https:\/\/singjayamedical.com\/fr\/prendre-rendez-vous\/\" class=\"btn btn-outline-primary\">Prendre rendez-vous<\/a>\n                                            <\/div>\n                <\/div>\n            <\/div>\n                    <div class=\"row post-row\">\n                <div class=\"col-12\">\n                    <div class=\"post-item\">\n                        <h3 class='m-0 title'>Singjaya Teledoc Service (t\u00e9l\u00e9consultations)<\/h3>                        <div class=\"description\">\n                            <p>Si vous ne pouvez ou pr\u00e9f\u00e9rez ne pas vous rendre \u00e0 la clinique, vous pouvez r\u00e9server une t\u00e9l\u00e9consultation en ligne. Singjaya Teledoc Service est aussi disponible pour les patients r\u00e9sidant hors de Siem Reap. Un de nos m\u00e9decins vous contactera par appel vid\u00e9o par Telegram ou Whatsapp selon votre pr\u00e9f\u00e9rence. Les t\u00e9l\u00e9consultations par Singjaya Teledoc Service sont pratiques et efficaces. Veuillez toutefois noter que selon vos sympt\u00f4mes ou maladies sous-jacentes, un examen clinique et des investigations peuvent \u00eatre requis, ce qui n\u00e9cessiterait soit une consultation en pr\u00e9sentiel \u00e0 la clinique, soit une visite m\u00e9dicale \u00e0 domicile ou \u00e0 votre h\u00f4tel.<\/p>\n                        <\/div>\n                                                    <a href=\"https:\/\/singjayamedical.com\/fr\/prendre-rendez-vous\/\" class=\"btn btn-outline-primary\">Prendre rendez-vous<\/a>\n                                            <\/div>\n                <\/div>\n            <\/div>\n                    <div class=\"row post-row\">\n                <div class=\"col-12\">\n                    <div class=\"post-item\">\n                        <h3 class='m-0 title'>Consultations en pr\u00e9sentiel \u00e0 la clinique<\/h3>                        <div class=\"description\">\n                            <p>Notre infirmier.\u00e8re commencera par mesurer vos signes vitaux, puis vous serez \u00e9valu\u00e9 par un de nos m\u00e9decins. Si votre probl\u00e8me de sant\u00e9 le n\u00e9cessite, notre m\u00e9decin prescrira des examens de laboratoire ou radiologiques. Nous travaillons avec un laboratoire accr\u00e9dit\u00e9 qui se trouve juste \u00e0 c\u00f4t\u00e9 et vous \u00e9vitera de perdre du temps en d\u00e9placements. Vous pourrez acheter la plupart des m\u00e9dicaments requis directement \u00e0 la clinique. Pour ceux qui seraient indisponibles chez nous, vous pourrez vous les procurer dans les pharmacies \u00e0 proximit\u00e9 avec lesquelles nous collaborons. Nous avons v\u00e9rifi\u00e9 qu\u2019elles ont les accr\u00e9ditations n\u00e9cessaires et des conditions ad\u00e9quates de stockage des m\u00e9dicaments pour garantir leur qualit\u00e9. En plus des standards europ\u00e9ens respect\u00e9s par notre \u00e9quipe concernant les soins, notre clinique se distingue des autres par un accent sur une communication claire avec nos patients et leur famille. Durant la consultation, nos m\u00e9decins prendront le temps d\u2019expliquer quel est leur plan d\u2019investigations et de traitements et prendront en consid\u00e9ration les attentes des patients ainsi que leurs valeurs et leur budget.<\/p>\n                        <\/div>\n                                                    <a href=\"https:\/\/singjayamedical.com\/fr\/prendre-rendez-vous\/\" class=\"btn btn-outline-primary\">Prendre rendez-vous<\/a>\n                                            <\/div>\n                <\/div>\n            <\/div>\n            <\/div>\n<\/div>\t\t\t\t<\/div>\n\t\t\t\t<\/div>\n\t\t\t\t<\/div>\n\t\t\t\t\t<\/div>\n\t\t\t\t<\/div>\n\t\t\t\t<\/div>\n\t\t","protected":false},"excerpt":{"rendered":"<p>Home Services Types de consultation Visites \u00e0 l\u2019h\u00f4tel Si vous \u00eates un visiteur \u00e0 Siem Reap et ne vous sentez pas bien ou avez besoin de soins pour une maladie chronique, notre m\u00e9decin peut \u00e9galement venir vous \u00e9valuer \u00e0 votre h\u00f4tel. Prendre rendez-vous Visites \u00e0 domicile Si vous ne vous sentez pas suffisamment bien pour [&hellip;]<\/p>\n","protected":false},"author":3,"featured_media":3250,"parent":2126,"menu_order":0,"comment_status":"closed","ping_status":"closed","template":"","meta":{"_acf_changed":false,"footnotes":""},"class_list":["post-2211","page","type-page","status-publish","has-post-thumbnail","hentry"],"acf":[],"aioseo_notices":[],"_links":{"self":[{"href":"https:\/\/singjayamedical.com\/fr\/wp-json\/wp\/v2\/pages\/2211","targetHints":{"allow":["GET"]}}],"collection":[{"href":"https:\/\/singjayamedical.com\/fr\/wp-json\/wp\/v2\/pages"}],"about":[{"href":"https:\/\/singjayamedical.com\/fr\/wp-json\/wp\/v2\/types\/page"}],"author":[{"embeddable":true,"href":"https:\/\/singjayamedical.com\/fr\/wp-json\/wp\/v2\/users\/3"}],"replies":[{"embeddable":true,"href":"https:\/\/singjayamedical.com\/fr\/wp-json\/wp\/v2\/comments?post=2211"}],"version-history":[{"count":18,"href":"https:\/\/singjayamedical.com\/fr\/wp-json\/wp\/v2\/pages\/2211\/revisions"}],"predecessor-version":[{"id":4709,"href":"https:\/\/singjayamedical.com\/fr\/wp-json\/wp\/v2\/pages\/2211\/revisions\/4709"}],"up":[{"embeddable":true,"href":"https:\/\/singjayamedical.com\/fr\/wp-json\/wp\/v2\/pages\/2126"}],"wp:featuredmedia":[{"embeddable":true,"href":"https:\/\/singjayamedical.com\/fr\/wp-json\/wp\/v2\/media\/3250"}],"wp:attachment":[{"href":"https:\/\/singjayamedical.com\/fr\/wp-json\/wp\/v2\/media?parent=2211"}],"curies":[{"name":"wp","href":"https:\/\/api.w.org\/{rel}","templated":true}]}}