{"id":3761,"date":"2025-03-03T02:05:43","date_gmt":"2025-03-03T02:05:43","guid":{"rendered":"https:\/\/singjayamedical.com\/nous-recrutons\/"},"modified":"2025-03-24T03:35:09","modified_gmt":"2025-03-24T03:35:09","slug":"nous-recrutons","status":"publish","type":"page","link":"https:\/\/singjayamedical.com\/fr\/nous-recrutons\/","title":{"rendered":"Nous recrutons"},"content":{"rendered":"\t\t<div data-elementor-type=\"wp-page\" data-elementor-id=\"3761\" class=\"elementor elementor-3761 elementor-3416\">\n\t\t\t\t<div class=\"elementor-element elementor-element-2ffd34f e-con-full e-flex e-con e-parent\" data-id=\"2ffd34f\" data-element_type=\"container\" data-settings=\"{&quot;background_background&quot;:&quot;classic&quot;}\">\n\t\t<div class=\"elementor-element elementor-element-7c1f77b e-flex e-con-boxed e-con e-child\" data-id=\"7c1f77b\" data-element_type=\"container\" data-settings=\"{&quot;background_background&quot;:&quot;gradient&quot;}\">\n\t\t\t\t\t<div class=\"e-con-inner\">\n\t\t\t\t<div class=\"elementor-element elementor-element-12bde26 elementor-widget elementor-widget-ube-breadcrumbs\" data-id=\"12bde26\" data-element_type=\"widget\" data-widget_type=\"ube-breadcrumbs.default\">\n\t\t\t\t<div class=\"elementor-widget-container\">\n\t\t\t\t\t<nav aria-label=\"breadcrumb\">\n\t\t<ol class=\"ube-breadcrumbs breadcrumbs list-unstyled d-inline-flex flex-wrap align-items-center m-0 \"><li class=\"breadcrumb-item \"><a href=\"https:\/\/singjayamedical.com\/fr\/\">Home<\/a><\/li><\/ol><\/nav>\t\t\t\t<\/div>\n\t\t\t\t<\/div>\n\t\t\t\t\t<\/div>\n\t\t\t\t<\/div>\n\t\t<div class=\"elementor-element elementor-element-e07cddb e-con-full e-flex e-con e-child\" data-id=\"e07cddb\" data-element_type=\"container\" data-settings=\"{&quot;background_background&quot;:&quot;gradient&quot;}\">\n\t\t\t\t<div class=\"elementor-element elementor-element-2c5f1b0 elementor-widget elementor-widget-ube-heading\" data-id=\"2c5f1b0\" data-element_type=\"widget\" data-widget_type=\"ube-heading.default\">\n\t\t\t\t<div class=\"elementor-widget-container\">\n\t\t\t\t\t<div class=\"ube-heading\">\n\t<h1 class=\"ube-heading-title\">Nous recrutons<\/h1><\/div>\t\t\t\t<\/div>\n\t\t\t\t<\/div>\n\t\t\t\t<\/div>\n\t\t\t\t<\/div>\n\t\t<div class=\"elementor-element elementor-element-8bd5a04 e-flex e-con-boxed e-con e-parent\" data-id=\"8bd5a04\" data-element_type=\"container\" data-settings=\"{&quot;background_background&quot;:&quot;classic&quot;}\">\n\t\t\t\t\t<div class=\"e-con-inner\">\n\t\t<div class=\"elementor-element elementor-element-3f7ca47 e-con-full e-flex e-con e-child\" data-id=\"3f7ca47\" data-element_type=\"container\">\n\t\t\t\t<div class=\"elementor-element elementor-element-1cf1fb4 elementor-widget elementor-widget-ube-heading\" data-id=\"1cf1fb4\" data-element_type=\"widget\" data-widget_type=\"ube-heading.default\">\n\t\t\t\t<div class=\"elementor-widget-container\">\n\t\t\t\t\t<div class=\"ube-heading\">\n\t<h2 class=\"ube-heading-title\">Rejoignez notre \u00e9quipe<\/h2><\/div>\t\t\t\t<\/div>\n\t\t\t\t<\/div>\n\t\t<div class=\"elementor-element elementor-element-c5bbea1 e-con-full e-flex e-con e-child\" data-id=\"c5bbea1\" data-element_type=\"container\">\n\t\t\t\t<div class=\"elementor-element elementor-element-34f10ce elementor-widget elementor-widget-ube-heading\" data-id=\"34f10ce\" data-element_type=\"widget\" data-widget_type=\"ube-heading.default\">\n\t\t\t\t<div class=\"elementor-widget-container\">\n\t\t\t\t\t<div class=\"ube-heading\">\n\t<div class=\"ube-heading-description\"><p>\u00abEnsemble, nous pouvons faire une diff\u00e9rence dans la vie de nos patients\u00bb<\/p><\/div><\/div>\t\t\t\t<\/div>\n\t\t\t\t<\/div>\n\t\t\t\t<div class=\"elementor-element elementor-element-aecde97 elementor-widget elementor-widget-ube-heading\" data-id=\"aecde97\" data-element_type=\"widget\" data-widget_type=\"ube-heading.default\">\n\t\t\t\t<div class=\"elementor-widget-container\">\n\t\t\t\t\t<div class=\"ube-heading\">\n\t<div class=\"ube-heading-description\"><p>Le centre m\u00e9dical Singjaya est une nouvelle clinique m\u00e9dicale op\u00e9rant \u00e0 Siem Reap, au Cambodge. Elle a pour objectif de fournir des soins m\u00e9dicaux de haute qualit\u00e9 tels que : des consultations d'urgence, de m\u00e9decine interne g\u00e9n\u00e9rale, de m\u00e9decine pr\u00e9ventive et de m\u00e9decine des voyages.<\/p><\/div><\/div>\t\t\t\t<\/div>\n\t\t\t\t<\/div>\n\t\t\t\t<div class=\"elementor-element elementor-element-385cc13 elementor-widget elementor-widget-ube-heading\" data-id=\"385cc13\" data-element_type=\"widget\" data-widget_type=\"ube-heading.default\">\n\t\t\t\t<div class=\"elementor-widget-container\">\n\t\t\t\t\t<div class=\"ube-heading\">\n\t<div class=\"ube-heading-description\"><p>Nous sommes toujours \u00e0 la recherche de professionnels de la sant\u00e9 talentueux et compatissants pour rejoindre notre \u00e9quipe. Si vous \u00eates passionn\u00e9 par la fourniture de soins de sant\u00e9 de haute qualit\u00e9, nous vous encourageons \u00e0 postuler pour un poste au centre m\u00e9dical Singjaya.<\/p><\/div><\/div>\t\t\t\t<\/div>\n\t\t\t\t<\/div>\n\t\t\t\t<\/div>\n\t\t\t\t<\/div>\n\t\t<div class=\"elementor-element elementor-element-3bb4d6d e-con-full e-flex e-con e-child\" data-id=\"3bb4d6d\" data-element_type=\"container\" data-settings=\"{&quot;background_background&quot;:&quot;classic&quot;}\">\n\t\t\t\t<\/div>\n\t\t\t\t\t<\/div>\n\t\t\t\t<\/div>\n\t\t<div class=\"elementor-element elementor-element-bc1d121 e-flex e-con-boxed e-con e-parent\" data-id=\"bc1d121\" data-element_type=\"container\" data-settings=\"{&quot;background_background&quot;:&quot;classic&quot;}\">\n\t\t\t\t\t<div class=\"e-con-inner\">\n\t\t<div class=\"elementor-element elementor-element-7eadea9 e-con-full e-flex e-con e-child\" data-id=\"7eadea9\" data-element_type=\"container\">\n\t\t\t\t<div class=\"elementor-element elementor-element-7264716 elementor-widget elementor-widget-ube-heading\" data-id=\"7264716\" data-element_type=\"widget\" data-widget_type=\"ube-heading.default\">\n\t\t\t\t<div class=\"elementor-widget-container\">\n\t\t\t\t\t<div class=\"ube-heading\">\n\t<h2 class=\"ube-heading-title\">Postes ouverts<\/h2><\/div>\t\t\t\t<\/div>\n\t\t\t\t<\/div>\n\t\t<div class=\"elementor-element elementor-element-87bed13 e-con-full e-flex e-con e-child\" data-id=\"87bed13\" data-element_type=\"container\">\n\t\t\t\t<div class=\"elementor-element elementor-element-10bbc8e elementor-align-left reverse-list-icon list-icon-hover-bg elementor-icon-list--layout-traditional elementor-list-item-link-full_width elementor-widget elementor-widget-icon-list\" data-id=\"10bbc8e\" data-element_type=\"widget\" data-widget_type=\"icon-list.default\">\n\t\t\t\t<div class=\"elementor-widget-container\">\n\t\t\t\t\t\t\t<ul class=\"elementor-icon-list-items\">\n\t\t\t\t\t\t\t<li class=\"elementor-icon-list-item\">\n\t\t\t\t\t\t\t\t\t\t\t<a href=\"https:\/\/singjayamedical.com\/we-are-hiring\/gynecologist-obstetrician\/\">\n\n\t\t\t\t\t\t\t\t\t\t\t\t<span class=\"elementor-icon-list-icon\">\n\t\t\t\t\t\t\t<svg aria-hidden=\"true\" class=\"e-font-icon-svg e-fas-chevron-right\" viewBox=\"0 0 320 512\" xmlns=\"http:\/\/www.w3.org\/2000\/svg\"><path d=\"M285.476 272.971L91.132 467.314c-9.373 9.373-24.569 9.373-33.941 0l-22.667-22.667c-9.357-9.357-9.375-24.522-.04-33.901L188.505 256 34.484 101.255c-9.335-9.379-9.317-24.544.04-33.901l22.667-22.667c9.373-9.373 24.569-9.373 33.941 0L285.475 239.03c9.373 9.372 9.373 24.568.001 33.941z\"><\/path><\/svg>\t\t\t\t\t\t<\/span>\n\t\t\t\t\t\t\t\t\t\t<span class=\"elementor-icon-list-text\">Gyn\u00e9cologue \/ Obst\u00e9tricien<\/span>\n\t\t\t\t\t\t\t\t\t\t\t<\/a>\n\t\t\t\t\t\t\t\t\t<\/li>\n\t\t\t\t\t\t\t\t<li class=\"elementor-icon-list-item\">\n\t\t\t\t\t\t\t\t\t\t\t<a href=\"https:\/\/singjayamedical.com\/we-are-hiring\/physician-general-practitioner-internist\/\">\n\n\t\t\t\t\t\t\t\t\t\t\t\t<span class=\"elementor-icon-list-icon\">\n\t\t\t\t\t\t\t<svg aria-hidden=\"true\" class=\"e-font-icon-svg e-fas-chevron-right\" viewBox=\"0 0 320 512\" xmlns=\"http:\/\/www.w3.org\/2000\/svg\"><path d=\"M285.476 272.971L91.132 467.314c-9.373 9.373-24.569 9.373-33.941 0l-22.667-22.667c-9.357-9.357-9.375-24.522-.04-33.901L188.505 256 34.484 101.255c-9.335-9.379-9.317-24.544.04-33.901l22.667-22.667c9.373-9.373 24.569-9.373 33.941 0L285.475 239.03c9.373 9.372 9.373 24.568.001 33.941z\"><\/path><\/svg>\t\t\t\t\t\t<\/span>\n\t\t\t\t\t\t\t\t\t\t<span class=\"elementor-icon-list-text\">M\u00e9decin (g\u00e9n\u00e9raliste \/ interniste)<\/span>\n\t\t\t\t\t\t\t\t\t\t\t<\/a>\n\t\t\t\t\t\t\t\t\t<\/li>\n\t\t\t\t\t\t<\/ul>\n\t\t\t\t\t\t<\/div>\n\t\t\t\t<\/div>\n\t\t\t\t<\/div>\n\t\t\t\t<\/div>\n\t\t\t\t\t<\/div>\n\t\t\t\t<\/div>\n\t\t\t\t<\/div>\n\t\t","protected":false},"excerpt":{"rendered":"<p>Home Nous recrutons Rejoignez notre \u00e9quipe \u00abEnsemble, nous pouvons faire une diff\u00e9rence dans la vie de nos patients\u00bb Le centre m\u00e9dical Singjaya est une nouvelle clinique m\u00e9dicale op\u00e9rant \u00e0 Siem Reap, au Cambodge. Elle a pour objectif de fournir des soins m\u00e9dicaux de haute qualit\u00e9 tels que : des consultations d&rsquo;urgence, de m\u00e9decine interne g\u00e9n\u00e9rale, [&hellip;]<\/p>\n","protected":false},"author":3,"featured_media":4087,"parent":0,"menu_order":0,"comment_status":"closed","ping_status":"closed","template":"","meta":{"_acf_changed":false,"footnotes":""},"class_list":["post-3761","page","type-page","status-publish","has-post-thumbnail","hentry"],"acf":[],"aioseo_notices":[],"_links":{"self":[{"href":"https:\/\/singjayamedical.com\/fr\/wp-json\/wp\/v2\/pages\/3761","targetHints":{"allow":["GET"]}}],"collection":[{"href":"https:\/\/singjayamedical.com\/fr\/wp-json\/wp\/v2\/pages"}],"about":[{"href":"https:\/\/singjayamedical.com\/fr\/wp-json\/wp\/v2\/types\/page"}],"author":[{"embeddable":true,"href":"https:\/\/singjayamedical.com\/fr\/wp-json\/wp\/v2\/users\/3"}],"replies":[{"embeddable":true,"href":"https:\/\/singjayamedical.com\/fr\/wp-json\/wp\/v2\/comments?post=3761"}],"version-history":[{"count":8,"href":"https:\/\/singjayamedical.com\/fr\/wp-json\/wp\/v2\/pages\/3761\/revisions"}],"predecessor-version":[{"id":4097,"href":"https:\/\/singjayamedical.com\/fr\/wp-json\/wp\/v2\/pages\/3761\/revisions\/4097"}],"wp:featuredmedia":[{"embeddable":true,"href":"https:\/\/singjayamedical.com\/fr\/wp-json\/wp\/v2\/media\/4087"}],"wp:attachment":[{"href":"https:\/\/singjayamedical.com\/fr\/wp-json\/wp\/v2\/media?parent=3761"}],"curies":[{"name":"wp","href":"https:\/\/api.w.org\/{rel}","templated":true}]}}