{"id":3786,"date":"2025-03-03T03:50:56","date_gmt":"2025-03-03T03:50:56","guid":{"rendered":"https:\/\/singjayamedical.com\/nous-recrutons\/gynecologue-obstetricien\/"},"modified":"2025-03-24T03:52:01","modified_gmt":"2025-03-24T03:52:01","slug":"gynecologue-obstetricien","status":"publish","type":"page","link":"https:\/\/singjayamedical.com\/fr\/nous-recrutons\/gynecologue-obstetricien\/","title":{"rendered":"Gyn\u00e9cologue \/ Obst\u00e9tricien"},"content":{"rendered":"\t\t<div data-elementor-type=\"wp-page\" data-elementor-id=\"3786\" class=\"elementor elementor-3786 elementor-3591\">\n\t\t\t\t<div class=\"elementor-element elementor-element-212ae24 e-flex e-con-boxed e-con e-parent\" data-id=\"212ae24\" data-element_type=\"container\" data-settings=\"{&quot;background_background&quot;:&quot;classic&quot;}\">\n\t\t\t\t\t<div class=\"e-con-inner\">\n\t\t<div class=\"elementor-element elementor-element-06b8cfb e-flex e-con-boxed e-con e-child\" data-id=\"06b8cfb\" data-element_type=\"container\" data-settings=\"{&quot;background_background&quot;:&quot;gradient&quot;}\">\n\t\t\t\t\t<div class=\"e-con-inner\">\n\t\t\t\t<div class=\"elementor-element elementor-element-0dfedd2 elementor-widget elementor-widget-singjaya-breadcrumbs\" data-id=\"0dfedd2\" data-element_type=\"widget\" data-widget_type=\"singjaya-breadcrumbs.default\">\n\t\t\t\t<div class=\"elementor-widget-container\">\n\t\t\t\t\t<nav aria-label=\"breadcrumb\" class=\"ag-breadcrumbs\">\n\t\t<ol class=\"ube-breadcrumbs breadcrumbs list-unstyled d-inline-flex flex-wrap align-items-center m-0 \"><li class=\"breadcrumb-item link-no-underline\"><a href=\"https:\/\/singjayamedical.com\/fr\/\">Home<\/a><\/li><li class=\"breadcrumb-item link-no-underline\"><a href=\"https:\/\/singjayamedical.com\/fr\/nous-recrutons\/\">Nous recrutons<\/a><\/li><\/ol><\/nav>\n\t\t\t\t<\/div>\n\t\t\t\t<\/div>\n\t\t\t\t\t<\/div>\n\t\t\t\t<\/div>\n\t\t<div class=\"elementor-element elementor-element-541f757 e-con-full e-flex e-con e-child\" data-id=\"541f757\" data-element_type=\"container\" data-settings=\"{&quot;background_background&quot;:&quot;gradient&quot;}\">\n\t\t\t\t<div class=\"elementor-element elementor-element-1ea01f4 elementor-widget elementor-widget-ube-heading\" data-id=\"1ea01f4\" data-element_type=\"widget\" data-widget_type=\"ube-heading.default\">\n\t\t\t\t<div class=\"elementor-widget-container\">\n\t\t\t\t\t<div class=\"ube-heading\">\n\t<h1 class=\"ube-heading-title\">Gyn\u00e9cologue \/ Obst\u00e9tricien<\/h1><\/div>\t\t\t\t<\/div>\n\t\t\t\t<\/div>\n\t\t\t\t<\/div>\n\t\t\t\t\t<\/div>\n\t\t\t\t<\/div>\n\t\t<div class=\"elementor-element elementor-element-a89233f e-flex e-con-boxed e-con e-parent\" data-id=\"a89233f\" data-element_type=\"container\">\n\t\t\t\t\t<div class=\"e-con-inner\">\n\t\t\t\t<div class=\"elementor-element elementor-element-e6b9b22 elementor-widget elementor-widget-ube-heading\" data-id=\"e6b9b22\" data-element_type=\"widget\" data-widget_type=\"ube-heading.default\">\n\t\t\t\t<div class=\"elementor-widget-container\">\n\t\t\t\t\t<div class=\"ube-heading\">\n\t<h2 class=\"ube-heading-title\">Ce que nous recherchons<\/h2><div class=\"ube-heading-description\"><ul><li id=\"tw-target-text\" class=\"tw-data-text tw-text-large tw-ta\" dir=\"ltr\" data-placeholder=\"Translation\" data-ved=\"2ahUKEwi4ytrhve2LAxX9zzgGHUmhGh8Q3ewLegQICBAV\" aria-label=\"Translated text: * Un gyn\u00e9cologue\/obst\u00e9tricien exp\u00e9riment\u00e9\n* Capacit\u00e9 \u00e0 travailler dans une \u00e9quipe internationale\n* Enthousiasme et adaptabilit\u00e9\n* Ma\u00eetrise de l'anglais (ma\u00eetrise du fran\u00e7ais bienvenue, mais non obligatoire)\"><span class=\"Y2IQFc\" lang=\"fr\">Un gyn\u00e9cologue\/obst\u00e9tricien exp\u00e9riment\u00e9<\/span><\/li><li class=\"tw-data-text tw-text-large tw-ta\" dir=\"ltr\" data-placeholder=\"Translation\" data-ved=\"2ahUKEwi4ytrhve2LAxX9zzgGHUmhGh8Q3ewLegQICBAV\" aria-label=\"Translated text: * Un gyn\u00e9cologue\/obst\u00e9tricien exp\u00e9riment\u00e9\n* Capacit\u00e9 \u00e0 travailler dans une \u00e9quipe internationale\n* Enthousiasme et adaptabilit\u00e9\n* Ma\u00eetrise de l'anglais (ma\u00eetrise du fran\u00e7ais bienvenue, mais non obligatoire)\"><span class=\"Y2IQFc\" lang=\"fr\">Capacit\u00e9 \u00e0 travailler dans une \u00e9quipe internationale <\/span><\/li><li class=\"tw-data-text tw-text-large tw-ta\" dir=\"ltr\" data-placeholder=\"Translation\" data-ved=\"2ahUKEwi4ytrhve2LAxX9zzgGHUmhGh8Q3ewLegQICBAV\" aria-label=\"Translated text: * Un gyn\u00e9cologue\/obst\u00e9tricien exp\u00e9riment\u00e9\n* Capacit\u00e9 \u00e0 travailler dans une \u00e9quipe internationale\n* Enthousiasme et adaptabilit\u00e9\n* Ma\u00eetrise de l'anglais (ma\u00eetrise du fran\u00e7ais bienvenue, mais non obligatoire)\"><span class=\"Y2IQFc\" lang=\"fr\">Enthousiasme et adaptabilit\u00e9 <\/span><\/li><li class=\"tw-data-text tw-text-large tw-ta\" dir=\"ltr\" data-placeholder=\"Translation\" data-ved=\"2ahUKEwi4ytrhve2LAxX9zzgGHUmhGh8Q3ewLegQICBAV\" aria-label=\"Translated text: * Un gyn\u00e9cologue\/obst\u00e9tricien exp\u00e9riment\u00e9\n* Capacit\u00e9 \u00e0 travailler dans une \u00e9quipe internationale\n* Enthousiasme et adaptabilit\u00e9\n* Ma\u00eetrise de l'anglais (ma\u00eetrise du fran\u00e7ais bienvenue, mais non obligatoire)\"><span class=\"Y2IQFc\" lang=\"fr\">Ma\u00eetrise de l'anglais (ma\u00eetrise du fran\u00e7ais bienvenue, mais non obligatoire)<\/span><\/li><\/ul><\/div><\/div>\t\t\t\t<\/div>\n\t\t\t\t<\/div>\n\t\t\t\t<div class=\"elementor-element elementor-element-180b776 elementor-widget elementor-widget-ube-heading\" data-id=\"180b776\" data-element_type=\"widget\" data-widget_type=\"ube-heading.default\">\n\t\t\t\t<div class=\"elementor-widget-container\">\n\t\t\t\t\t<div class=\"ube-heading\">\n\t<h2 class=\"ube-heading-title\">Ce que nous proposons<\/h2><div class=\"ube-heading-description\"><ul><li>Travailler dans une \u00e9quipe internationale avec des normes m\u00e9dicales \u00e9lev\u00e9es<\/li><li>Possibilit\u00e9 de fournir des soins de sant\u00e9 de haute qualit\u00e9 dans un contexte traditionnellement limit\u00e9 en ressources<\/li><li>Assistance pour l'obtention d'un permis de travail cambodgien et d'une licence d'exercice m\u00e9dical<\/li><li>Revenu confortable<\/li><\/ul><\/div><\/div>\t\t\t\t<\/div>\n\t\t\t\t<\/div>\n\t\t\t\t<div class=\"elementor-element elementor-element-5e4c3b7 link-with-border elementor-widget elementor-widget-ube-heading\" data-id=\"5e4c3b7\" data-element_type=\"widget\" data-widget_type=\"ube-heading.default\">\n\t\t\t\t<div class=\"elementor-widget-container\">\n\t\t\t\t\t<div class=\"ube-heading\">\n\t<h2 class=\"ube-heading-title\">Comment postuler<\/h2><div class=\"ube-heading-description\"><p>Veuillez envoyer votre CV (format PDF de pr\u00e9f\u00e9rence) \u00e0 <a href=\"mailto:singjaya@singjayamedical.com\">singjaya@singjayamedical.com<\/a> avec pour objet\u00a0: \"Candidature pour [Nom du poste]\"<\/p><p>\u00a0<\/p><p>Ou contactez-nous <a href=\"tel:+855 99 321 808\">+855 99 321 808<\/a> (anglais\/fran\u00e7ais) \/ <a href=\"tel:+855 12 587 688\">+855 12 587 688<\/a> (\u1781\u17d2\u1798\u17c2\u179a)<\/p><\/div><\/div>\t\t\t\t<\/div>\n\t\t\t\t<\/div>\n\t\t\t\t\t<\/div>\n\t\t\t\t<\/div>\n\t\t\t\t<\/div>\n\t\t","protected":false},"excerpt":{"rendered":"<p>Home Nous recrutons Gyn\u00e9cologue \/ Obst\u00e9tricien Ce que nous recherchons Un gyn\u00e9cologue\/obst\u00e9tricien exp\u00e9riment\u00e9 Capacit\u00e9 \u00e0 travailler dans une \u00e9quipe internationale Enthousiasme et adaptabilit\u00e9 Ma\u00eetrise de l&rsquo;anglais (ma\u00eetrise du fran\u00e7ais bienvenue, mais non obligatoire) Ce que nous proposons Travailler dans une \u00e9quipe internationale avec des normes m\u00e9dicales \u00e9lev\u00e9es Possibilit\u00e9 de fournir des soins de sant\u00e9 de [&hellip;]<\/p>\n","protected":false},"author":3,"featured_media":4102,"parent":3761,"menu_order":0,"comment_status":"closed","ping_status":"closed","template":"","meta":{"_acf_changed":false,"footnotes":""},"class_list":["post-3786","page","type-page","status-publish","has-post-thumbnail","hentry"],"acf":[],"aioseo_notices":[],"_links":{"self":[{"href":"https:\/\/singjayamedical.com\/fr\/wp-json\/wp\/v2\/pages\/3786","targetHints":{"allow":["GET"]}}],"collection":[{"href":"https:\/\/singjayamedical.com\/fr\/wp-json\/wp\/v2\/pages"}],"about":[{"href":"https:\/\/singjayamedical.com\/fr\/wp-json\/wp\/v2\/types\/page"}],"author":[{"embeddable":true,"href":"https:\/\/singjayamedical.com\/fr\/wp-json\/wp\/v2\/users\/3"}],"replies":[{"embeddable":true,"href":"https:\/\/singjayamedical.com\/fr\/wp-json\/wp\/v2\/comments?post=3786"}],"version-history":[{"count":28,"href":"https:\/\/singjayamedical.com\/fr\/wp-json\/wp\/v2\/pages\/3786\/revisions"}],"predecessor-version":[{"id":4160,"href":"https:\/\/singjayamedical.com\/fr\/wp-json\/wp\/v2\/pages\/3786\/revisions\/4160"}],"up":[{"embeddable":true,"href":"https:\/\/singjayamedical.com\/fr\/wp-json\/wp\/v2\/pages\/3761"}],"wp:featuredmedia":[{"embeddable":true,"href":"https:\/\/singjayamedical.com\/fr\/wp-json\/wp\/v2\/media\/4102"}],"wp:attachment":[{"href":"https:\/\/singjayamedical.com\/fr\/wp-json\/wp\/v2\/media?parent=3786"}],"curies":[{"name":"wp","href":"https:\/\/api.w.org\/{rel}","templated":true}]}}