{"id":3790,"date":"2025-03-03T04:48:37","date_gmt":"2025-03-03T04:48:37","guid":{"rendered":"https:\/\/singjayamedical.com\/nous-recrutons\/medecin-medecin-generaliste-interniste\/"},"modified":"2026-01-21T03:51:52","modified_gmt":"2026-01-21T03:51:52","slug":"medecin-medecin-generaliste-interniste","status":"publish","type":"page","link":"https:\/\/singjayamedical.com\/fr\/nous-recrutons\/medecin-medecin-generaliste-interniste\/","title":{"rendered":"M\u00e9decin (M\u00e9decin g\u00e9n\u00e9raliste \/ Interniste)"},"content":{"rendered":"\t\t<div data-elementor-type=\"wp-page\" data-elementor-id=\"3790\" class=\"elementor elementor-3790 elementor-3687\">\n\t\t\t\t<div class=\"elementor-element elementor-element-212ae24 e-con-full e-flex e-con e-parent\" data-id=\"212ae24\" data-element_type=\"container\" data-settings=\"{&quot;background_background&quot;:&quot;classic&quot;}\">\n\t\t<div class=\"elementor-element elementor-element-06b8cfb e-flex e-con-boxed e-con e-child\" data-id=\"06b8cfb\" data-element_type=\"container\" data-settings=\"{&quot;background_background&quot;:&quot;gradient&quot;}\">\n\t\t\t\t\t<div class=\"e-con-inner\">\n\t\t\t\t<div class=\"elementor-element elementor-element-9b9a640 elementor-widget elementor-widget-singjaya-breadcrumbs\" data-id=\"9b9a640\" data-element_type=\"widget\" data-widget_type=\"singjaya-breadcrumbs.default\">\n\t\t\t\t<div class=\"elementor-widget-container\">\n\t\t\t\t\t<nav aria-label=\"breadcrumb\" class=\"ag-breadcrumbs\">\n\t\t<ol class=\"ube-breadcrumbs breadcrumbs list-unstyled d-inline-flex flex-wrap align-items-center m-0 \"><li class=\"breadcrumb-item link-no-underline\"><a href=\"https:\/\/singjayamedical.com\/fr\/\">Home<\/a><\/li><li class=\"breadcrumb-item link-no-underline\"><a href=\"https:\/\/singjayamedical.com\/fr\/nous-recrutons\/\">Nous recrutons<\/a><\/li><\/ol><\/nav>\n\t\t\t\t<\/div>\n\t\t\t\t<\/div>\n\t\t\t\t\t<\/div>\n\t\t\t\t<\/div>\n\t\t<div class=\"elementor-element elementor-element-541f757 e-con-full e-flex e-con e-child\" data-id=\"541f757\" data-element_type=\"container\" data-settings=\"{&quot;background_background&quot;:&quot;gradient&quot;}\">\n\t\t\t\t<div class=\"elementor-element elementor-element-1ea01f4 elementor-widget elementor-widget-ube-heading\" data-id=\"1ea01f4\" data-element_type=\"widget\" data-widget_type=\"ube-heading.default\">\n\t\t\t\t<div class=\"elementor-widget-container\">\n\t\t\t\t\t<div class=\"ube-heading\">\n\t<h1 class=\"ube-heading-title\">M\u00e9decin (M\u00e9decin g\u00e9n\u00e9raliste \/ Interniste)<\/h1><\/div>\t\t\t\t<\/div>\n\t\t\t\t<\/div>\n\t\t\t\t<\/div>\n\t\t\t\t<\/div>\n\t\t<div class=\"elementor-element elementor-element-a89233f e-flex e-con-boxed e-con e-parent\" data-id=\"a89233f\" data-element_type=\"container\">\n\t\t\t\t\t<div class=\"e-con-inner\">\n\t\t\t\t<div class=\"elementor-element elementor-element-e6b9b22 elementor-widget elementor-widget-ube-heading\" data-id=\"e6b9b22\" data-element_type=\"widget\" data-widget_type=\"ube-heading.default\">\n\t\t\t\t<div class=\"elementor-widget-container\">\n\t\t\t\t\t<div class=\"ube-heading\">\n\t<h2 class=\"ube-heading-title\">Ce que nous recherchons<\/h2><div class=\"ube-heading-description\"><ul><li class=\"p2\">Un m\u00e9decin exp\u00e9riment\u00e9 avec une formation en m\u00e9decine interne g\u00e9n\u00e9rale et urgences<\/li><li class=\"p2\">Des comp\u00e9tences en interventions chirurgicales mineures sont les bienvenues mais pas n\u00e9cessaires<\/li><li class=\"p2\">Capacit\u00e9 \u00e0 travailler dans une \u00e9quipe internationale<\/li><li class=\"p2\">Enthousiasme et adaptabilit\u00e9<\/li><li class=\"p2\">Ma\u00eetrise de l'anglais<\/li><\/ul><\/div><\/div>\t\t\t\t<\/div>\n\t\t\t\t<\/div>\n\t\t\t\t<div class=\"elementor-element elementor-element-180b776 elementor-widget elementor-widget-ube-heading\" data-id=\"180b776\" data-element_type=\"widget\" data-widget_type=\"ube-heading.default\">\n\t\t\t\t<div class=\"elementor-widget-container\">\n\t\t\t\t\t<div class=\"ube-heading\">\n\t<h2 class=\"ube-heading-title\">Ce que nous proposons<\/h2><div class=\"ube-heading-description\"><ul><li>Travailler dans une \u00e9quipe internationale avec des normes m\u00e9dicales \u00e9lev\u00e9es<\/li><li>Possibilit\u00e9 d'acqu\u00e9rir de l'exp\u00e9rience dans la prestation de soins de haute qualit\u00e9<\/li><li>Salaire confortable<\/li><li>Assistance pour l'obtention d'un permis de travail cambodgien et d'une licence d'exercice m\u00e9dical<\/li><\/ul><\/div><\/div>\t\t\t\t<\/div>\n\t\t\t\t<\/div>\n\t\t\t\t<div class=\"elementor-element elementor-element-5e4c3b7 link-with-border elementor-widget elementor-widget-ube-heading\" data-id=\"5e4c3b7\" data-element_type=\"widget\" data-widget_type=\"ube-heading.default\">\n\t\t\t\t<div class=\"elementor-widget-container\">\n\t\t\t\t\t<div class=\"ube-heading\">\n\t<h2 class=\"ube-heading-title\">Comment postuler<\/h2><div class=\"ube-heading-description\"><p>Veuillez envoyer votre CV (format PDF de pr\u00e9f\u00e9rence) \u00e0\u00a0<a href=\"mailto:singjaya@singjayamedical.com\">singjaya@singjayamedical.com<\/a>\u00a0avec pour objet\u00a0: \"Candidature pour [Nom du poste]\"<\/p><p>\u00a0<\/p><p>Ou contactez-nous\u00a0<a href=\"tel:+855 99 321 808\">+855 99 321 808<\/a>\u00a0(anglais\/fran\u00e7ais) \/\u00a0<a href=\"tel:+855 12 587 688\">+855 12 587 688<\/a>\u00a0(\u1781\u17d2\u1798\u17c2\u179a)<\/p><\/div><\/div>\t\t\t\t<\/div>\n\t\t\t\t<\/div>\n\t\t\t\t\t<\/div>\n\t\t\t\t<\/div>\n\t\t\t\t<\/div>\n\t\t","protected":false},"excerpt":{"rendered":"<p>Home Nous recrutons M\u00e9decin (M\u00e9decin g\u00e9n\u00e9raliste \/ Interniste) Ce que nous recherchons Un m\u00e9decin exp\u00e9riment\u00e9 avec une formation en m\u00e9decine interne g\u00e9n\u00e9rale et urgences Des comp\u00e9tences en interventions chirurgicales mineures sont les bienvenues mais pas n\u00e9cessaires Capacit\u00e9 \u00e0 travailler dans une \u00e9quipe internationale Enthousiasme et adaptabilit\u00e9 Ma\u00eetrise de l&rsquo;anglais Ce que nous proposons Travailler dans [&hellip;]<\/p>\n","protected":false},"author":3,"featured_media":4099,"parent":3761,"menu_order":0,"comment_status":"closed","ping_status":"closed","template":"","meta":{"_acf_changed":false,"footnotes":""},"class_list":["post-3790","page","type-page","status-publish","has-post-thumbnail","hentry"],"acf":[],"aioseo_notices":[],"_links":{"self":[{"href":"https:\/\/singjayamedical.com\/fr\/wp-json\/wp\/v2\/pages\/3790","targetHints":{"allow":["GET"]}}],"collection":[{"href":"https:\/\/singjayamedical.com\/fr\/wp-json\/wp\/v2\/pages"}],"about":[{"href":"https:\/\/singjayamedical.com\/fr\/wp-json\/wp\/v2\/types\/page"}],"author":[{"embeddable":true,"href":"https:\/\/singjayamedical.com\/fr\/wp-json\/wp\/v2\/users\/3"}],"replies":[{"embeddable":true,"href":"https:\/\/singjayamedical.com\/fr\/wp-json\/wp\/v2\/comments?post=3790"}],"version-history":[{"count":25,"href":"https:\/\/singjayamedical.com\/fr\/wp-json\/wp\/v2\/pages\/3790\/revisions"}],"predecessor-version":[{"id":5184,"href":"https:\/\/singjayamedical.com\/fr\/wp-json\/wp\/v2\/pages\/3790\/revisions\/5184"}],"up":[{"embeddable":true,"href":"https:\/\/singjayamedical.com\/fr\/wp-json\/wp\/v2\/pages\/3761"}],"wp:featuredmedia":[{"embeddable":true,"href":"https:\/\/singjayamedical.com\/fr\/wp-json\/wp\/v2\/media\/4099"}],"wp:attachment":[{"href":"https:\/\/singjayamedical.com\/fr\/wp-json\/wp\/v2\/media?parent=3790"}],"curies":[{"name":"wp","href":"https:\/\/api.w.org\/{rel}","templated":true}]}}