{"id":4292,"date":"2025-06-03T06:36:52","date_gmt":"2025-06-03T06:36:52","guid":{"rendered":"https:\/\/singjayamedical.com\/forfaits\/"},"modified":"2025-06-03T09:44:33","modified_gmt":"2025-06-03T09:44:33","slug":"forfaits","status":"publish","type":"page","link":"https:\/\/singjayamedical.com\/fr\/nos-services\/forfaits\/","title":{"rendered":"Forfaits"},"content":{"rendered":"\t\t<div data-elementor-type=\"wp-page\" data-elementor-id=\"4292\" class=\"elementor elementor-4292 elementor-4258\">\n\t\t\t\t<div class=\"elementor-element elementor-element-e02cfa9 e-con-full e-flex e-con e-parent\" data-id=\"e02cfa9\" data-element_type=\"container\" data-settings=\"{&quot;background_background&quot;:&quot;classic&quot;}\">\n\t\t<div class=\"elementor-element elementor-element-b0132e2 e-flex e-con-boxed e-con e-child\" data-id=\"b0132e2\" data-element_type=\"container\" data-settings=\"{&quot;background_background&quot;:&quot;gradient&quot;}\">\n\t\t\t\t\t<div class=\"e-con-inner\">\n\t\t\t\t<div class=\"elementor-element elementor-element-721f024 elementor-widget elementor-widget-singjaya-breadcrumbs\" data-id=\"721f024\" data-element_type=\"widget\" data-widget_type=\"singjaya-breadcrumbs.default\">\n\t\t\t\t<div class=\"elementor-widget-container\">\n\t\t\t\t\t<nav aria-label=\"breadcrumb\" class=\"ag-breadcrumbs\">\n\t\t<ol class=\"ube-breadcrumbs breadcrumbs list-unstyled d-inline-flex flex-wrap align-items-center m-0 \"><li class=\"breadcrumb-item link-no-underline\"><a href=\"https:\/\/singjayamedical.com\/fr\/\">Home<\/a><\/li><li class=\"breadcrumb-item link-no-underline\"><a href=\"https:\/\/singjayamedical.com\/fr\/nos-services\/\">Services<\/a><\/li><\/ol><\/nav>\n\t\t\t\t<\/div>\n\t\t\t\t<\/div>\n\t\t\t\t\t<\/div>\n\t\t\t\t<\/div>\n\t\t<div class=\"elementor-element elementor-element-52044b2 e-con-full e-flex e-con e-child\" data-id=\"52044b2\" data-element_type=\"container\" data-settings=\"{&quot;background_background&quot;:&quot;gradient&quot;}\">\n\t\t\t\t<div class=\"elementor-element elementor-element-9762816 elementor-widget elementor-widget-ube-heading\" data-id=\"9762816\" data-element_type=\"widget\" data-widget_type=\"ube-heading.default\">\n\t\t\t\t<div class=\"elementor-widget-container\">\n\t\t\t\t\t<div class=\"ube-heading\">\n\t<h1 class=\"ube-heading-title\">Forfaits<\/h1><\/div>\t\t\t\t<\/div>\n\t\t\t\t<\/div>\n\t\t\t\t<\/div>\n\t\t\t\t<\/div>\n\t\t<div class=\"elementor-element elementor-element-4515d5b e-flex e-con-boxed e-con e-parent\" data-id=\"4515d5b\" data-element_type=\"container\" data-settings=\"{&quot;background_background&quot;:&quot;classic&quot;}\">\n\t\t\t\t\t<div class=\"e-con-inner\">\n\t\t\t\t<div class=\"elementor-element elementor-element-d1dc8f7 elementor-widget elementor-widget-singjaya-post-grid\" data-id=\"d1dc8f7\" data-element_type=\"widget\" data-widget_type=\"singjaya-post-grid.default\">\n\t\t\t\t<div class=\"elementor-widget-container\">\n\t\t\t\t\t<div class=\"post-grid\">\n    <div class=\"layout-5\">\n            <div class=\"row post-row\">\n                                    <div class=\"col-12 col-md-6 mb-md-0 d-flex\">\n                        <div class=\"post-item\">\n                        <h4 class='m-0 title'>Forfait bilan de sant\u00e9<\/h4>                        <div class=\"description text-clamp line-5\">\n                            <p>Obtenez la tranquillit\u00e9 d'esprit gr\u00e2ce \u00e0 des \u00e9valuations approfondies de vos organes vitaux et de vos indicateurs de sant\u00e9 cl\u00e9s, vous aidant \u00e0 identifier les pr\u00e9occupations potentielles avant qu'elles ne deviennent des probl\u00e8mes majeurs. D\u00e9couvrez nos trois forfaits de bilan de sant\u00e9, comprenant les options Standard, Premium et Deluxe.<\/p>\n                        <\/div>\n                        <a href=\"https:\/\/singjayamedical.com\/fr\/nos-services\/forfaits\/forfait-bilan-de-sante\/\" class=\"btn btn-outline-primary\">En savoir plus<\/a>\n                        <\/div>\n                    <\/div>\n                                    <div class=\"col-12 col-md-6 mb-md-0 d-flex\">\n                        <div class=\"post-item\">\n                        <h4 class='m-0 title'>Contr\u00f4les facultatifs (m\u00e9dicalement recommand\u00e9s)<\/h4>                        <div class=\"description text-clamp line-5\">\n                            <p>Au-del\u00e0 de la norme, nos bilans de sant\u00e9 facultatifs vous offrent la possibilit\u00e9 d'explorer des aspects sp\u00e9cifiques de votre bien-\u00eatre. Consultez notre \u00e9quipe pour d\u00e9couvrir quels d\u00e9pistages sp\u00e9cialis\u00e9s peuvent vous fournir les donn\u00e9es les plus pertinentes et les plus pr\u00e9cieuses en mati\u00e8re de sant\u00e9. <\/p>\n                        <\/div>\n                        <a href=\"https:\/\/singjayamedical.com\/fr\/nos-services\/forfaits\/controles-facultatifs-medicalement-recommandes\/\" class=\"btn btn-outline-primary\">En savoir plus<\/a>\n                        <\/div>\n                    <\/div>\n                                    <div class=\"col-12 col-md-6 mb-md-0 d-flex\">\n                        <div class=\"post-item\">\n                        <h4 class='m-0 title'>Forfait d\u00e9pistage des IST<\/h4>                        <div class=\"description text-clamp line-5\">\n                            <p>Faites-vous d\u00e9pister, restez inform\u00e9. Notre kit de d\u00e9pistage des IST offre un test complet et confidentiel pour les infections sexuellement transmissibles. Prenez en main votre sant\u00e9 sexuelle d\u00e8s aujourd'hui.  <\/p>\n                        <\/div>\n                        <a href=\"https:\/\/singjayamedical.com\/fr\/nos-services\/forfaits\/forfait-depistage-des-ist\/\" class=\"btn btn-outline-primary\">En savoir plus<\/a>\n                        <\/div>\n                    <\/div>\n                                    <div class=\"col-12 col-md-6 mb-md-0 d-flex\">\n                        <div class=\"post-item\">\n                        <h4 class='m-0 title'>Forfait bilan de sant\u00e9 f\u00e9minine<\/h4>                        <div class=\"description text-clamp line-5\">\n                            <p>Investissez dans votre sant\u00e9 \u00e0 long terme gr\u00e2ce \u00e0 nos forfaits de bilan de sant\u00e9 pour les femmes. Nous vous proposons des d\u00e9pistages et des \u00e9valuations adapt\u00e9s \u00e0 votre \u00e2ge, en mettant l'accent sur des domaines cl\u00e9s. <\/p>\n                        <\/div>\n                        <a href=\"https:\/\/singjayamedical.com\/fr\/nos-services\/forfaits\/forfait-bilan-de-sante-feminine\/\" class=\"btn btn-outline-primary\">En savoir plus<\/a>\n                        <\/div>\n                    <\/div>\n                            <\/div>\n    <\/div>\n<\/div>\t\t\t\t<\/div>\n\t\t\t\t<\/div>\n\t\t\t\t\t<\/div>\n\t\t\t\t<\/div>\n\t\t\t\t<\/div>\n\t\t","protected":false},"excerpt":{"rendered":"<p>Home Services Forfaits Forfait bilan de sant\u00e9 Vous aurez l&rsquo;esprit tranquille gr\u00e2ce \u00e0 des \u00e9valuations approfondies de vos organes vitaux et des principaux indicateurs de sant\u00e9, ce qui vous permettra d&rsquo;identifier les probl\u00e8mes potentiels avant qu&rsquo;ils ne deviennent des probl\u00e8mes majeurs. D\u00e9couvrez les trois formules de bilan de sant\u00e9, \u00e0 savoir les options Standard, Premium [&hellip;]<\/p>\n","protected":false},"author":3,"featured_media":4263,"parent":2126,"menu_order":0,"comment_status":"closed","ping_status":"closed","template":"","meta":{"_acf_changed":false,"footnotes":""},"class_list":["post-4292","page","type-page","status-publish","has-post-thumbnail","hentry"],"acf":[],"aioseo_notices":[],"_links":{"self":[{"href":"https:\/\/singjayamedical.com\/fr\/wp-json\/wp\/v2\/pages\/4292","targetHints":{"allow":["GET"]}}],"collection":[{"href":"https:\/\/singjayamedical.com\/fr\/wp-json\/wp\/v2\/pages"}],"about":[{"href":"https:\/\/singjayamedical.com\/fr\/wp-json\/wp\/v2\/types\/page"}],"author":[{"embeddable":true,"href":"https:\/\/singjayamedical.com\/fr\/wp-json\/wp\/v2\/users\/3"}],"replies":[{"embeddable":true,"href":"https:\/\/singjayamedical.com\/fr\/wp-json\/wp\/v2\/comments?post=4292"}],"version-history":[{"count":11,"href":"https:\/\/singjayamedical.com\/fr\/wp-json\/wp\/v2\/pages\/4292\/revisions"}],"predecessor-version":[{"id":4335,"href":"https:\/\/singjayamedical.com\/fr\/wp-json\/wp\/v2\/pages\/4292\/revisions\/4335"}],"up":[{"embeddable":true,"href":"https:\/\/singjayamedical.com\/fr\/wp-json\/wp\/v2\/pages\/2126"}],"wp:featuredmedia":[{"embeddable":true,"href":"https:\/\/singjayamedical.com\/fr\/wp-json\/wp\/v2\/media\/4263"}],"wp:attachment":[{"href":"https:\/\/singjayamedical.com\/fr\/wp-json\/wp\/v2\/media?parent=4292"}],"curies":[{"name":"wp","href":"https:\/\/api.w.org\/{rel}","templated":true}]}}